{"id":18958,"date":"2025-07-29T06:56:56","date_gmt":"2025-07-29T06:56:56","guid":{"rendered":"https:\/\/duerselen-immobilien.de\/?page_id=18958"},"modified":"2025-07-29T11:03:17","modified_gmt":"2025-07-29T11:03:17","slug":"siera-alliance","status":"publish","type":"page","link":"https:\/\/duerselen-immobilien.de\/en\/siera-alliance\/","title":{"rendered":"SIERA Alliance"},"content":{"rendered":"<div data-elementor-type=\"wp-page\" data-elementor-id=\"18958\" class=\"elementor elementor-18958\" data-elementor-post-type=\"page\">\n\t\t\t\t<div class=\"elementor-element elementor-element-50a26d53 e-con-full e-flex e-con e-parent\" data-id=\"50a26d53\" data-element_type=\"container\">\n\t\t<div class=\"elementor-element elementor-element-52a5ab55 e-con-full e-flex e-con e-child\" data-id=\"52a5ab55\" data-element_type=\"container\">\n\t\t\t\t\t<link rel=\"stylesheet\" id=\"wd-mod-animations-keyframes-css\" href=\"https:\/\/duerselen-immobilien.de\/wp-content\/themes\/woodmart\/css\/parts\/mod-animations-keyframes.min.css?ver=7.4.0\" type=\"text\/css\" media=\"all\" \/> \t\t\t\t\t<div class=\"elementor-element elementor-element-5ef11865 section-title elementor-invisible elementor-widget elementor-widget-wd_text_block\" data-id=\"5ef11865\" data-element_type=\"widget\" data-settings=\"{&quot;_animation&quot;:&quot;fadeInUp&quot;}\" data-widget_type=\"wd_text_block.default\">\n\t\t\t\t<div class=\"elementor-widget-container\">\n\t\t\t\t\t\t\t\t<link rel=\"stylesheet\" id=\"wd-text-block-css\" href=\"https:\/\/duerselen-immobilien.de\/wp-content\/themes\/woodmart\/css\/parts\/el-text-block.min.css?ver=7.4.0\" type=\"text\/css\" media=\"all\" \/> \t\t\t\t\t<div class=\"wd-text-block reset-last-child text-left\">\n\t\t\t\n\t\t\t<h2 style=\"color: #38344d; text-align: center;\"><span class=\"boxfirst boxnormal\">Exercise<\/span>he SIERA <span class=\"color-primary\">Alliance<\/span><\/h2>\n\t\t\t\t\t<\/div>\n\t\t\t\t\t\t<\/div>\n\t\t\t\t<\/div>\n\t\t\t\t<div class=\"elementor-element elementor-element-2d1ef090 color-scheme-inherit text-left elementor-widget elementor-widget-text-editor\" data-id=\"2d1ef090\" data-element_type=\"widget\" data-widget_type=\"text-editor.default\">\n\t\t\t\t<div class=\"elementor-widget-container\">\n\t\t\t\t\t\t\t\t\t<p><strong>SIERA Alliance<\/strong> is an association of leading companies specialising in environmental engineering. Together, we are committed to tackling global challenges with sustainable solutions, innovative technology and impact-orientated projects.<br \/>Our experts design, realise and manage projects that create long-term positive change. Our range of services addresses three key global challenges: climate change, ecological destruction and social inequality.<\/p><p>Our environmental engineers identify challenges, recognise opportunities and deliver sustainable solutions. It's not just about finding solutions - it's about fixing the mistakes of the past: repairing what's broken, restoring what's lost and bringing ecosystems back into natural balance.<\/p><p>Through innovative engineering, advanced technologies and impactful projects, we help our customers create a better, more sustainable future.<\/p>\t\t\t\t\t\t\t\t<\/div>\n\t\t\t\t<\/div>\n\t\t\t\t<div class=\"elementor-element elementor-element-5a4bbc33 elementor-widget elementor-widget-button\" data-id=\"5a4bbc33\" data-element_type=\"widget\" data-widget_type=\"button.default\">\n\t\t\t\t<div class=\"elementor-widget-container\">\n\t\t\t\t\t\t\t\t\t<div class=\"elementor-button-wrapper\">\n\t\t\t\t\t<a class=\"elementor-button elementor-button-link elementor-size-sm\" href=\"https:\/\/siera-alliance.com\/\">\n\t\t\t\t\t\t<span class=\"elementor-button-content-wrapper\">\n\t\t\t\t\t\t<span class=\"elementor-button-icon\">\n\t\t\t\t<i aria-hidden=\"true\" class=\"fas fa-external-link-alt\"><\/i>\t\t\t<\/span>\n\t\t\t\t\t\t\t\t\t<span class=\"elementor-button-text\">Learn more<\/span>\n\t\t\t\t\t<\/span>\n\t\t\t\t\t<\/a>\n\t\t\t\t<\/div>\n\t\t\t\t\t\t\t\t<\/div>\n\t\t\t\t<\/div>\n\t\t\t\t<\/div>\n\t\t<div class=\"elementor-element elementor-element-c4a2ba3 e-con-full e-flex e-con e-child\" data-id=\"c4a2ba3\" data-element_type=\"container\">\n\t\t\t\t<div class=\"elementor-element elementor-element-5b490b52 elementor-widget__width-initial elementor-widget elementor-widget-image\" data-id=\"5b490b52\" data-element_type=\"widget\" data-widget_type=\"image.default\">\n\t\t\t\t<div class=\"elementor-widget-container\">\n\t\t\t\t\t\t\t\t\t\t\t\t\t\t\t<img fetchpriority=\"high\" decoding=\"async\" width=\"1024\" height=\"492\" src=\"https:\/\/duerselen-immobilien.de\/wp-content\/uploads\/2025\/07\/Corporate-Sustainability-Blog-Posts-1-1024x492.webp\" class=\"attachment-large size-large wp-image-18960\" alt=\"\" srcset=\"https:\/\/duerselen-immobilien.de\/wp-content\/uploads\/2025\/07\/Corporate-Sustainability-Blog-Posts-1-1024x492.webp 1024w, https:\/\/duerselen-immobilien.de\/wp-content\/uploads\/2025\/07\/Corporate-Sustainability-Blog-Posts-1-300x144.webp 300w, https:\/\/duerselen-immobilien.de\/wp-content\/uploads\/2025\/07\/Corporate-Sustainability-Blog-Posts-1-768x369.webp 768w, https:\/\/duerselen-immobilien.de\/wp-content\/uploads\/2025\/07\/Corporate-Sustainability-Blog-Posts-1-18x9.webp 18w, https:\/\/duerselen-immobilien.de\/wp-content\/uploads\/2025\/07\/Corporate-Sustainability-Blog-Posts-1.webp 1250w\" sizes=\"(max-width: 1024px) 100vw, 1024px\" \/>\t\t\t\t\t\t\t\t\t\t\t\t\t\t\t<\/div>\n\t\t\t\t<\/div>\n\t\t\t\t<div class=\"elementor-element elementor-element-20214918 elementor-widget__width-initial elementor-absolute elementor-widget elementor-widget-image\" data-id=\"20214918\" data-element_type=\"widget\" data-settings=\"{&quot;_position&quot;:&quot;absolute&quot;}\" data-widget_type=\"image.default\">\n\t\t\t\t<div class=\"elementor-widget-container\">\n\t\t\t\t\t\t\t\t\t\t\t\t\t\t\t<img decoding=\"async\" width=\"1024\" height=\"683\" src=\"https:\/\/duerselen-immobilien.de\/wp-content\/uploads\/2025\/07\/realistic-water-drop-with-ecosystem-scaled-1-1024x683.jpg\" class=\"attachment-large size-large wp-image-18961\" alt=\"\" srcset=\"https:\/\/duerselen-immobilien.de\/wp-content\/uploads\/2025\/07\/realistic-water-drop-with-ecosystem-scaled-1-1024x683.jpg 1024w, https:\/\/duerselen-immobilien.de\/wp-content\/uploads\/2025\/07\/realistic-water-drop-with-ecosystem-scaled-1-300x200.jpg 300w, https:\/\/duerselen-immobilien.de\/wp-content\/uploads\/2025\/07\/realistic-water-drop-with-ecosystem-scaled-1-768x512.jpg 768w, https:\/\/duerselen-immobilien.de\/wp-content\/uploads\/2025\/07\/realistic-water-drop-with-ecosystem-scaled-1-18x12.jpg 18w, https:\/\/duerselen-immobilien.de\/wp-content\/uploads\/2025\/07\/realistic-water-drop-with-ecosystem-scaled-1.jpg 1350w\" sizes=\"(max-width: 1024px) 100vw, 1024px\" \/>\t\t\t\t\t\t\t\t\t\t\t\t\t\t\t<\/div>\n\t\t\t\t<\/div>\n\t\t\t\t<\/div>\n\t\t\t\t<\/div>\n\t\t<div class=\"elementor-element elementor-element-787e8529 e-con-full e-flex e-con e-parent\" data-id=\"787e8529\" data-element_type=\"container\">\n\t\t\t\t<div class=\"elementor-element elementor-element-f34503c elementor-widget elementor-widget-heading\" data-id=\"f34503c\" data-element_type=\"widget\" data-widget_type=\"heading.default\">\n\t\t\t\t<div class=\"elementor-widget-container\">\n\t\t\t\t\t<h3 class=\"elementor-heading-title elementor-size-default\">SIERA Alliance - Engineering for a Better Tomorrow<\/h3>\t\t\t\t<\/div>\n\t\t\t\t<\/div>\n\t\t\t\t<\/div>\n\t\t<div class=\"elementor-element elementor-element-39eff904 e-con-full e-flex e-con e-parent\" data-id=\"39eff904\" data-element_type=\"container\">\n\t\t\t\t<div class=\"elementor-element elementor-element-3d92097 section-title elementor-invisible elementor-widget elementor-widget-wd_text_block\" data-id=\"3d92097\" data-element_type=\"widget\" data-settings=\"{&quot;_animation&quot;:&quot;fadeInUp&quot;}\" data-widget_type=\"wd_text_block.default\">\n\t\t\t\t<div class=\"elementor-widget-container\">\n\t\t\t\t\t\t\t<div class=\"wd-text-block reset-last-child text-left\">\n\t\t\t\n\t\t\t<h2 style=\"color: #38344d; text-align: center;\"><span class=\"boxfirst boxnormal\">O<\/span>ur <span class=\"color-primary\">Values<\/span><\/h2>\n\t\t\t\t\t<\/div>\n\t\t\t\t\t\t<\/div>\n\t\t\t\t<\/div>\n\t\t<div class=\"elementor-element elementor-element-71e793d1 e-con-full e-flex e-con e-child\" data-id=\"71e793d1\" data-element_type=\"container\">\n\t\t\t\t<div class=\"elementor-element elementor-element-20024eed elementor-widget__width-initial elementor-widget elementor-widget-icon-box\" data-id=\"20024eed\" data-element_type=\"widget\" data-widget_type=\"icon-box.default\">\n\t\t\t\t<div class=\"elementor-widget-container\">\n\t\t\t\t\t\t\t<div class=\"elementor-icon-box-wrapper\">\n\n\t\t\t\n\t\t\t\t\t\t<div class=\"elementor-icon-box-content\">\n\n\t\t\t\t\t\t\t\t\t<h3 class=\"elementor-icon-box-title\">\n\t\t\t\t\t\t<span  >\n\t\t\t\t\t\t\tIntegrity \t\t\t\t\t\t<\/span>\n\t\t\t\t\t<\/h3>\n\t\t\t\t\n\t\t\t\t\t\t\t\t\t<p class=\"elementor-icon-box-description\">\n\t\t\t\t\t\tEthical, honest and responsible behaviour in everything we do.\t\t\t\t\t<\/p>\n\t\t\t\t\n\t\t\t<\/div>\n\t\t\t\n\t\t<\/div>\n\t\t\t\t\t\t<\/div>\n\t\t\t\t<\/div>\n\t\t\t\t<div class=\"elementor-element elementor-element-192a701c elementor-widget__width-initial elementor-widget elementor-widget-icon-box\" data-id=\"192a701c\" data-element_type=\"widget\" data-widget_type=\"icon-box.default\">\n\t\t\t\t<div class=\"elementor-widget-container\">\n\t\t\t\t\t\t\t<div class=\"elementor-icon-box-wrapper\">\n\n\t\t\t\n\t\t\t\t\t\t<div class=\"elementor-icon-box-content\">\n\n\t\t\t\t\t\t\t\t\t<h3 class=\"elementor-icon-box-title\">\n\t\t\t\t\t\t<span  >\n\t\t\t\t\t\t\tDiversity\t\t\t\t\t\t<\/span>\n\t\t\t\t\t<\/h3>\n\t\t\t\t\n\t\t\t\t\t\t\t\t\t<p class=\"elementor-icon-box-description\">\n\t\t\t\t\t\tPromoting an inclusive and fair working environment.\t\t\t\t\t<\/p>\n\t\t\t\t\n\t\t\t<\/div>\n\t\t\t\n\t\t<\/div>\n\t\t\t\t\t\t<\/div>\n\t\t\t\t<\/div>\n\t\t\t\t<div class=\"elementor-element elementor-element-29fc0284 elementor-widget__width-initial elementor-widget elementor-widget-icon-box\" data-id=\"29fc0284\" data-element_type=\"widget\" data-widget_type=\"icon-box.default\">\n\t\t\t\t<div class=\"elementor-widget-container\">\n\t\t\t\t\t\t\t<div class=\"elementor-icon-box-wrapper\">\n\n\t\t\t\n\t\t\t\t\t\t<div class=\"elementor-icon-box-content\">\n\n\t\t\t\t\t\t\t\t\t<h3 class=\"elementor-icon-box-title\">\n\t\t\t\t\t\t<span  >\n\t\t\t\t\t\t\tCooperation\t\t\t\t\t\t<\/span>\n\t\t\t\t\t<\/h3>\n\t\t\t\t\n\t\t\t\t\t\t\t\t\t<p class=\"elementor-icon-box-description\">\n\t\t\t\t\t\tSeamless working across teams, companies and partners.\t\t\t\t\t<\/p>\n\t\t\t\t\n\t\t\t<\/div>\n\t\t\t\n\t\t<\/div>\n\t\t\t\t\t\t<\/div>\n\t\t\t\t<\/div>\n\t\t\t\t<div class=\"elementor-element elementor-element-4f0363fe elementor-widget__width-initial elementor-widget elementor-widget-icon-box\" data-id=\"4f0363fe\" data-element_type=\"widget\" data-widget_type=\"icon-box.default\">\n\t\t\t\t<div class=\"elementor-widget-container\">\n\t\t\t\t\t\t\t<div class=\"elementor-icon-box-wrapper\">\n\n\t\t\t\n\t\t\t\t\t\t<div class=\"elementor-icon-box-content\">\n\n\t\t\t\t\t\t\t\t\t<h3 class=\"elementor-icon-box-title\">\n\t\t\t\t\t\t<span  >\n\t\t\t\t\t\t\tRealisation power\t\t\t\t\t\t<\/span>\n\t\t\t\t\t<\/h3>\n\t\t\t\t\n\t\t\t\t\t\t\t\t\t<p class=\"elementor-icon-box-description\">\n\t\t\t\t\t\tPersonal responsibility and results-orientation strengthen our teams.\t\t\t\t\t<\/p>\n\t\t\t\t\n\t\t\t<\/div>\n\t\t\t\n\t\t<\/div>\n\t\t\t\t\t\t<\/div>\n\t\t\t\t<\/div>\n\t\t\t\t<div class=\"elementor-element elementor-element-e081ebc elementor-widget__width-initial elementor-widget elementor-widget-icon-box\" data-id=\"e081ebc\" data-element_type=\"widget\" data-widget_type=\"icon-box.default\">\n\t\t\t\t<div class=\"elementor-widget-container\">\n\t\t\t\t\t\t\t<div class=\"elementor-icon-box-wrapper\">\n\n\t\t\t\n\t\t\t\t\t\t<div class=\"elementor-icon-box-content\">\n\n\t\t\t\t\t\t\t\t\t<h3 class=\"elementor-icon-box-title\">\n\t\t\t\t\t\t<span  >\n\t\t\t\t\t\t\tPerformance orientation\t\t\t\t\t\t<\/span>\n\t\t\t\t\t<\/h3>\n\t\t\t\t\n\t\t\t\t\t\t\t\t\t<p class=\"elementor-icon-box-description\">\n\t\t\t\t\t\tRecognition of successes and continuous development.\t\t\t\t\t<\/p>\n\t\t\t\t\n\t\t\t<\/div>\n\t\t\t\n\t\t<\/div>\n\t\t\t\t\t\t<\/div>\n\t\t\t\t<\/div>\n\t\t\t\t<div class=\"elementor-element elementor-element-379d1dad elementor-widget__width-initial elementor-widget elementor-widget-icon-box\" data-id=\"379d1dad\" data-element_type=\"widget\" data-widget_type=\"icon-box.default\">\n\t\t\t\t<div class=\"elementor-widget-container\">\n\t\t\t\t\t\t\t<div class=\"elementor-icon-box-wrapper\">\n\n\t\t\t\n\t\t\t\t\t\t<div class=\"elementor-icon-box-content\">\n\n\t\t\t\t\t\t\t\t\t<h3 class=\"elementor-icon-box-title\">\n\t\t\t\t\t\t<span  >\n\t\t\t\t\t\t\tRespect\t\t\t\t\t\t<\/span>\n\t\t\t\t\t<\/h3>\n\t\t\t\t\n\t\t\t\t\t\t\t\t\t<p class=\"elementor-icon-box-description\">\n\t\t\t\t\t\tAppreciation of people, nature and society.\t\t\t\t\t<\/p>\n\t\t\t\t\n\t\t\t<\/div>\n\t\t\t\n\t\t<\/div>\n\t\t\t\t\t\t<\/div>\n\t\t\t\t<\/div>\n\t\t\t\t<div class=\"elementor-element elementor-element-5070f003 elementor-widget__width-initial elementor-widget elementor-widget-icon-box\" data-id=\"5070f003\" data-element_type=\"widget\" data-widget_type=\"icon-box.default\">\n\t\t\t\t<div class=\"elementor-widget-container\">\n\t\t\t\t\t\t\t<div class=\"elementor-icon-box-wrapper\">\n\n\t\t\t\n\t\t\t\t\t\t<div class=\"elementor-icon-box-content\">\n\n\t\t\t\t\t\t\t\t\t<h3 class=\"elementor-icon-box-title\">\n\t\t\t\t\t\t<span  >\n\t\t\t\t\t\t\tAgility\t\t\t\t\t\t<\/span>\n\t\t\t\t\t<\/h3>\n\t\t\t\t\n\t\t\t\t\t\t\t\t\t<p class=\"elementor-icon-box-description\">\n\t\t\t\t\t\tRapid adaptability with customer-centred, efficient processes.\t\t\t\t\t<\/p>\n\t\t\t\t\n\t\t\t<\/div>\n\t\t\t\n\t\t<\/div>\n\t\t\t\t\t\t<\/div>\n\t\t\t\t<\/div>\n\t\t\t\t<div class=\"elementor-element elementor-element-4b65e11c elementor-widget__width-initial elementor-widget elementor-widget-icon-box\" data-id=\"4b65e11c\" data-element_type=\"widget\" data-widget_type=\"icon-box.default\">\n\t\t\t\t<div class=\"elementor-widget-container\">\n\t\t\t\t\t\t\t<div class=\"elementor-icon-box-wrapper\">\n\n\t\t\t\n\t\t\t\t\t\t<div class=\"elementor-icon-box-content\">\n\n\t\t\t\t\t\t\t\t\t<h3 class=\"elementor-icon-box-title\">\n\t\t\t\t\t\t<span  >\n\t\t\t\t\t\t\tInnovation\t\t\t\t\t\t<\/span>\n\t\t\t\t\t<\/h3>\n\t\t\t\t\n\t\t\t\t\t\t\t\t\t<p class=\"elementor-icon-box-description\">\n\t\t\t\t\t\tPioneering work in engineering methods, technologies and services.\t\t\t\t\t<\/p>\n\t\t\t\t\n\t\t\t<\/div>\n\t\t\t\n\t\t<\/div>\n\t\t\t\t\t\t<\/div>\n\t\t\t\t<\/div>\n\t\t\t\t<\/div>\n\t\t\t\t<\/div>\n\t\t<div class=\"elementor-element elementor-element-27fc8be5 e-con-full e-flex e-con e-parent\" data-id=\"27fc8be5\" data-element_type=\"container\">\n\t\t<div class=\"elementor-element elementor-element-7ca9b824 e-con-full e-flex e-con e-child\" data-id=\"7ca9b824\" data-element_type=\"container\" data-settings=\"{&quot;background_background&quot;:&quot;classic&quot;}\">\n\t\t\t\t<div class=\"elementor-element elementor-element-1cbdb60 elementor-widget elementor-widget-heading\" data-id=\"1cbdb60\" data-element_type=\"widget\" data-widget_type=\"heading.default\">\n\t\t\t\t<div class=\"elementor-widget-container\">\n\t\t\t\t\t<h3 class=\"elementor-heading-title elementor-size-default\">Vision<\/h3>\t\t\t\t<\/div>\n\t\t\t\t<\/div>\n\t\t\t\t<div class=\"elementor-element elementor-element-37e0a63d color-scheme-inherit text-left elementor-widget elementor-widget-text-editor\" data-id=\"37e0a63d\" data-element_type=\"widget\" data-widget_type=\"text-editor.default\">\n\t\t\t\t<div class=\"elementor-widget-container\">\n\t\t\t\t\t\t\t\t\t<p><span data-teams=\"true\">The SIERA Alliance strives for a future where sustainable solutions are driven by innovation, responsibility and collaboration. Together, we address global challenges and create sustainable, positive change through a shared vision - restoring the balance between nature, society and technology for a resilient and sustainable tomorrow, always in line with \"Engineering for a Better Tomorrow\".<\/span><\/p>\t\t\t\t\t\t\t\t<\/div>\n\t\t\t\t<\/div>\n\t\t\t\t<\/div>\n\t\t<div class=\"elementor-element elementor-element-26cb0250 e-con-full e-flex e-con e-child\" data-id=\"26cb0250\" data-element_type=\"container\" data-settings=\"{&quot;background_background&quot;:&quot;classic&quot;}\">\n\t\t\t\t<div class=\"elementor-element elementor-element-37e1453c elementor-widget elementor-widget-heading\" data-id=\"37e1453c\" data-element_type=\"widget\" data-widget_type=\"heading.default\">\n\t\t\t\t<div class=\"elementor-widget-container\">\n\t\t\t\t\t<h3 class=\"elementor-heading-title elementor-size-default\">Mission<\/h3>\t\t\t\t<\/div>\n\t\t\t\t<\/div>\n\t\t\t\t<div class=\"elementor-element elementor-element-10d16e2e color-scheme-inherit text-left elementor-widget elementor-widget-text-editor\" data-id=\"10d16e2e\" data-element_type=\"widget\" data-widget_type=\"text-editor.default\">\n\t\t\t\t<div class=\"elementor-widget-container\">\n\t\t\t\t\t\t\t\t\t<p><span data-teams=\"true\">The SIERA Alliance is a coalition of forward-thinking environmental engineering companies dedicated to delivering transformative environmental solutions to address climate change, ecological degradation and socio-economic inequalities. With a shared commitment to innovation and sustainability, we work collaboratively to empower businesses and communities and promote a better, more sustainable future for all - always in line with \"Engineering for a Better Tomorrow\".<\/span><\/p>\t\t\t\t\t\t\t\t<\/div>\n\t\t\t\t<\/div>\n\t\t\t\t<\/div>\n\t\t\t\t<\/div>\n\t\t\t\t<\/div>","protected":false},"excerpt":{"rendered":"<p>About SIERA Alliance SIERA Alliance is an association of leading companies specialising in environmental engineering. Together we are committed to<\/p>","protected":false},"author":24,"featured_media":0,"parent":0,"menu_order":0,"comment_status":"closed","ping_status":"closed","template":"elementor_header_footer","meta":{"inline_featured_image":false,"footnotes":""},"class_list":["post-18958","page","type-page","status-publish","hentry"],"yoast_head":"<!-- This site is optimized with the Yoast SEO plugin v27.2 - https:\/\/yoast.com\/product\/yoast-seo-wordpress\/ -->\n<title>SIERA Alliance - D\u00fcrselen GmbH<\/title>\n<meta name=\"robots\" content=\"noindex, follow, max-snippet:-1, max-image-preview:large, max-video-preview:-1\" \/>\n<meta property=\"og:locale\" content=\"en_GB\" \/>\n<meta property=\"og:type\" content=\"article\" \/>\n<meta property=\"og:title\" content=\"SIERA Alliance - D\u00fcrselen GmbH\" \/>\n<meta property=\"og:description\" content=\"\u00dcber SIERA Alliance SIERA Alliance ist ein Zusammenschluss f\u00fchrender Unternehmen, die auf Umweltingenieurwesen spezialisiert sind. Gemeinsam setzen wir uns daf\u00fcr\" \/>\n<meta property=\"og:url\" content=\"https:\/\/duerselen-immobilien.de\/en\/siera-alliance\/\" \/>\n<meta property=\"og:site_name\" content=\"D\u00fcrselen GmbH\" \/>\n<meta property=\"article:modified_time\" content=\"2025-07-29T11:03:17+00:00\" \/>\n<meta property=\"og:image\" content=\"https:\/\/duerselen-immobilien.de\/wp-content\/uploads\/2025\/07\/Corporate-Sustainability-Blog-Posts-1-1024x492.webp\" \/>\n<meta name=\"twitter:card\" content=\"summary_large_image\" \/>\n<meta name=\"twitter:label1\" content=\"Estimated reading time\" \/>\n\t<meta name=\"twitter:data1\" content=\"3 minutes\" \/>\n<script type=\"application\/ld+json\" class=\"yoast-schema-graph\">{\"@context\":\"https:\/\/schema.org\",\"@graph\":[{\"@type\":\"WebPage\",\"@id\":\"https:\/\/duerselen-immobilien.de\/siera-alliance\/\",\"url\":\"https:\/\/duerselen-immobilien.de\/siera-alliance\/\",\"name\":\"SIERA Alliance - D\u00fcrselen GmbH\",\"isPartOf\":{\"@id\":\"https:\/\/duerselen-immobilien.de\/#website\"},\"primaryImageOfPage\":{\"@id\":\"https:\/\/duerselen-immobilien.de\/siera-alliance\/#primaryimage\"},\"image\":{\"@id\":\"https:\/\/duerselen-immobilien.de\/siera-alliance\/#primaryimage\"},\"thumbnailUrl\":\"https:\/\/duerselen-immobilien.de\/wp-content\/uploads\/2025\/07\/Corporate-Sustainability-Blog-Posts-1-1024x492.webp\",\"datePublished\":\"2025-07-29T06:56:56+00:00\",\"dateModified\":\"2025-07-29T11:03:17+00:00\",\"breadcrumb\":{\"@id\":\"https:\/\/duerselen-immobilien.de\/siera-alliance\/#breadcrumb\"},\"inLanguage\":\"en-GB\",\"potentialAction\":[{\"@type\":\"ReadAction\",\"target\":[\"https:\/\/duerselen-immobilien.de\/siera-alliance\/\"]}]},{\"@type\":\"ImageObject\",\"inLanguage\":\"en-GB\",\"@id\":\"https:\/\/duerselen-immobilien.de\/siera-alliance\/#primaryimage\",\"url\":\"https:\/\/duerselen-immobilien.de\/wp-content\/uploads\/2025\/07\/Corporate-Sustainability-Blog-Posts-1-1024x492.webp\",\"contentUrl\":\"https:\/\/duerselen-immobilien.de\/wp-content\/uploads\/2025\/07\/Corporate-Sustainability-Blog-Posts-1-1024x492.webp\"},{\"@type\":\"BreadcrumbList\",\"@id\":\"https:\/\/duerselen-immobilien.de\/siera-alliance\/#breadcrumb\",\"itemListElement\":[{\"@type\":\"ListItem\",\"position\":1,\"name\":\"Startseite\",\"item\":\"https:\/\/duerselen-immobilien.de\/\"},{\"@type\":\"ListItem\",\"position\":2,\"name\":\"SIERA Alliance\"}]},{\"@type\":\"WebSite\",\"@id\":\"https:\/\/duerselen-immobilien.de\/#website\",\"url\":\"https:\/\/duerselen-immobilien.de\/\",\"name\":\"D\u00fcrselen GmbH\",\"description\":\"Architekten und Ingenieure\",\"potentialAction\":[{\"@type\":\"SearchAction\",\"target\":{\"@type\":\"EntryPoint\",\"urlTemplate\":\"https:\/\/duerselen-immobilien.de\/?s={search_term_string}\"},\"query-input\":{\"@type\":\"PropertyValueSpecification\",\"valueRequired\":true,\"valueName\":\"search_term_string\"}}],\"inLanguage\":\"en-GB\"}]}<\/script>\n<!-- \/ Yoast SEO plugin. -->","yoast_head_json":{"title":"SIERA Alliance - D\u00fcrselen GmbH","robots":{"index":"noindex","follow":"follow","max-snippet":"max-snippet:-1","max-image-preview":"max-image-preview:large","max-video-preview":"max-video-preview:-1"},"og_locale":"en_GB","og_type":"article","og_title":"SIERA Alliance - D\u00fcrselen GmbH","og_description":"\u00dcber SIERA Alliance SIERA Alliance ist ein Zusammenschluss f\u00fchrender Unternehmen, die auf Umweltingenieurwesen spezialisiert sind. Gemeinsam setzen wir uns daf\u00fcr","og_url":"https:\/\/duerselen-immobilien.de\/en\/siera-alliance\/","og_site_name":"D\u00fcrselen GmbH","article_modified_time":"2025-07-29T11:03:17+00:00","og_image":[{"url":"https:\/\/duerselen-immobilien.de\/wp-content\/uploads\/2025\/07\/Corporate-Sustainability-Blog-Posts-1-1024x492.webp","type":"","width":"","height":""}],"twitter_card":"summary_large_image","twitter_misc":{"Estimated reading time":"3 minutes"},"schema":{"@context":"https:\/\/schema.org","@graph":[{"@type":"WebPage","@id":"https:\/\/duerselen-immobilien.de\/siera-alliance\/","url":"https:\/\/duerselen-immobilien.de\/siera-alliance\/","name":"SIERA Alliance - D\u00fcrselen GmbH","isPartOf":{"@id":"https:\/\/duerselen-immobilien.de\/#website"},"primaryImageOfPage":{"@id":"https:\/\/duerselen-immobilien.de\/siera-alliance\/#primaryimage"},"image":{"@id":"https:\/\/duerselen-immobilien.de\/siera-alliance\/#primaryimage"},"thumbnailUrl":"https:\/\/duerselen-immobilien.de\/wp-content\/uploads\/2025\/07\/Corporate-Sustainability-Blog-Posts-1-1024x492.webp","datePublished":"2025-07-29T06:56:56+00:00","dateModified":"2025-07-29T11:03:17+00:00","breadcrumb":{"@id":"https:\/\/duerselen-immobilien.de\/siera-alliance\/#breadcrumb"},"inLanguage":"en-GB","potentialAction":[{"@type":"ReadAction","target":["https:\/\/duerselen-immobilien.de\/siera-alliance\/"]}]},{"@type":"ImageObject","inLanguage":"en-GB","@id":"https:\/\/duerselen-immobilien.de\/siera-alliance\/#primaryimage","url":"https:\/\/duerselen-immobilien.de\/wp-content\/uploads\/2025\/07\/Corporate-Sustainability-Blog-Posts-1-1024x492.webp","contentUrl":"https:\/\/duerselen-immobilien.de\/wp-content\/uploads\/2025\/07\/Corporate-Sustainability-Blog-Posts-1-1024x492.webp"},{"@type":"BreadcrumbList","@id":"https:\/\/duerselen-immobilien.de\/siera-alliance\/#breadcrumb","itemListElement":[{"@type":"ListItem","position":1,"name":"Startseite","item":"https:\/\/duerselen-immobilien.de\/"},{"@type":"ListItem","position":2,"name":"SIERA Alliance"}]},{"@type":"WebSite","@id":"https:\/\/duerselen-immobilien.de\/#website","url":"https:\/\/duerselen-immobilien.de\/","name":"D\u00fcrselen GmbH","description":"Architects and engineers","potentialAction":[{"@type":"SearchAction","target":{"@type":"EntryPoint","urlTemplate":"https:\/\/duerselen-immobilien.de\/?s={search_term_string}"},"query-input":{"@type":"PropertyValueSpecification","valueRequired":true,"valueName":"search_term_string"}}],"inLanguage":"en-GB"}]}},"_links":{"self":[{"href":"https:\/\/duerselen-immobilien.de\/en\/wp-json\/wp\/v2\/pages\/18958","targetHints":{"allow":["GET"]}}],"collection":[{"href":"https:\/\/duerselen-immobilien.de\/en\/wp-json\/wp\/v2\/pages"}],"about":[{"href":"https:\/\/duerselen-immobilien.de\/en\/wp-json\/wp\/v2\/types\/page"}],"author":[{"embeddable":true,"href":"https:\/\/duerselen-immobilien.de\/en\/wp-json\/wp\/v2\/users\/24"}],"replies":[{"embeddable":true,"href":"https:\/\/duerselen-immobilien.de\/en\/wp-json\/wp\/v2\/comments?post=18958"}],"version-history":[{"count":4,"href":"https:\/\/duerselen-immobilien.de\/en\/wp-json\/wp\/v2\/pages\/18958\/revisions"}],"predecessor-version":[{"id":18978,"href":"https:\/\/duerselen-immobilien.de\/en\/wp-json\/wp\/v2\/pages\/18958\/revisions\/18978"}],"wp:attachment":[{"href":"https:\/\/duerselen-immobilien.de\/en\/wp-json\/wp\/v2\/media?parent=18958"}],"curies":[{"name":"wp","href":"https:\/\/api.w.org\/{rel}","templated":true}]}}