{"id":18893,"date":"2024-05-06T06:32:14","date_gmt":"2024-05-06T06:32:14","guid":{"rendered":"https:\/\/duerselen-immobilien.de\/?page_id=18893"},"modified":"2026-04-10T05:23:32","modified_gmt":"2026-04-10T05:23:32","slug":"weg-verwaltung-koeln-fuer-eigentuemergemeinschaften","status":"publish","type":"page","link":"https:\/\/duerselen-immobilien.de\/en\/weg-verwaltung-koeln-fuer-eigentuemergemeinschaften\/","title":{"rendered":"WEG management"},"content":{"rendered":"<div data-elementor-type=\"wp-page\" data-elementor-id=\"18893\" class=\"elementor elementor-18893\" data-elementor-post-type=\"page\">\n\t\t\t\t\t\t<section class=\"elementor-section elementor-top-section elementor-element elementor-element-931fa3b elementor-section-full_width elementor-section-stretched elementor-section-height-default elementor-section-height-default\" data-id=\"931fa3b\" data-element_type=\"section\" data-settings=\"{&quot;stretch_section&quot;:&quot;section-stretched&quot;}\">\n\t\t\t\t\t\t<div class=\"elementor-container elementor-column-gap-default\">\n\t\t\t\t\t<div class=\"elementor-column elementor-col-100 elementor-top-column elementor-element elementor-element-4517855\" data-id=\"4517855\" data-element_type=\"column\">\n\t\t\t<div class=\"elementor-widget-wrap elementor-element-populated\">\n\t\t\t\t\t\t<div class=\"elementor-element elementor-element-693be97 elementor-widget elementor-widget-wd_text_block\" data-id=\"693be97\" data-element_type=\"widget\" data-widget_type=\"wd_text_block.default\">\n\t\t\t\t<div class=\"elementor-widget-container\">\n\t\t\t\t\t\t\t\t<link rel=\"stylesheet\" id=\"wd-text-block-css\" href=\"https:\/\/duerselen-immobilien.de\/wp-content\/themes\/woodmart\/css\/parts\/el-text-block.min.css?ver=7.4.0\" type=\"text\/css\" media=\"all\" \/> \t\t\t\t\t<div class=\"wd-text-block reset-last-child text-left\">\n\t\t\t\n\t\t\t<video autoplay=\"autoplay\" loop=\"loop\" muted=\"\" width=\"100%\" height=\"100%\">\n<source src=\"\/wp-content\/uploads\/2023\/03\/404212_Apartment_Empty_Window_Entering_By_Ivan_Nikolaev_Atanasov_Artlist_HD.mp4\" type=\"video\/mp4\" \/>\n<\/video>\n\t\t\t\t\t<\/div>\n\t\t\t\t\t\t<\/div>\n\t\t\t\t<\/div>\n\t\t\t\t\t<\/div>\n\t\t<\/div>\n\t\t\t\t\t<\/div>\n\t\t<\/section>\n\t\t\t\t<section class=\"elementor-section elementor-top-section elementor-element elementor-element-164f3328 expertisesinglepage elementor-section-boxed elementor-section-height-default elementor-section-height-default\" data-id=\"164f3328\" data-element_type=\"section\" id=\"umeltscrollsection\">\n\t\t\t\t\t\t<div class=\"elementor-container elementor-column-gap-default\">\n\t\t\t\t\t<div class=\"elementor-column elementor-col-100 elementor-top-column elementor-element elementor-element-75376bc7\" data-id=\"75376bc7\" data-element_type=\"column\">\n\t\t\t<div class=\"elementor-widget-wrap elementor-element-populated\">\n\t\t\t\t\t\t<div class=\"elementor-element elementor-element-e3f4f85 section-title elementor-widget elementor-widget-wd_text_block\" data-id=\"e3f4f85\" data-element_type=\"widget\" data-widget_type=\"wd_text_block.default\">\n\t\t\t\t<div class=\"elementor-widget-container\">\n\t\t\t\t\t\t\t<div class=\"wd-text-block reset-last-child text-left\">\n\t\t\t\n\t\t\t<h2 style=\"text-align: center;\"><span class=\"boxfirst boxnormal\">WE<\/span>G- <span class=\"color-primary\">Administration <\/span><\/h2>\n\t\t\t\t\t<\/div>\n\t\t\t\t\t\t<\/div>\n\t\t\t\t<\/div>\n\t\t\t\t<div class=\"elementor-element elementor-element-6cb5d43 elementor-widget elementor-widget-spacer\" data-id=\"6cb5d43\" data-element_type=\"widget\" data-widget_type=\"spacer.default\">\n\t\t\t\t<div class=\"elementor-widget-container\">\n\t\t\t\t\t\t\t<div class=\"elementor-spacer\">\n\t\t\t<div class=\"elementor-spacer-inner\"><\/div>\n\t\t<\/div>\n\t\t\t\t\t\t<\/div>\n\t\t\t\t<\/div>\n\t\t\t\t<div class=\"elementor-element elementor-element-6f490a4 elementor-widget elementor-widget-wd_tabs\" data-id=\"6f490a4\" data-element_type=\"widget\" data-widget_type=\"wd_tabs.default\">\n\t\t\t\t<div class=\"elementor-widget-container\">\n\t\t\t\t\t\t\t\t<link rel=\"stylesheet\" id=\"wd-tabs-css\" href=\"https:\/\/duerselen-immobilien.de\/wp-content\/themes\/woodmart\/css\/parts\/el-tabs.min.css?ver=7.4.0\" type=\"text\/css\" media=\"all\" \/> \t\t\t\t\t<div class=\"wd-tabs tabs-design-default\">\n\t\t\t<div class=\"wd-tabs-header text-center\">\n\t\t\t\t\t\t\t\t\t<div class=\"tabs-name title\">\n\t\t\t\t\t\t\n\t\t\t\t\t\t<span class=\"tabs-text\" data-elementor-setting-key=\"title\">\n\t\t\t\t\t\t\tTitle text example\t\t\t\t\t\t<\/span>\n\t\t\t\t\t<\/div>\n\t\t\t\t\n\t\t\t\t\n\t\t\t\t<div class=\"wd-nav-wrapper wd-nav-tabs-wrapper\">\n\t\t\t\t\t<ul class=\"wd-nav wd-nav-tabs wd-icon-pos-left wd-style-default\">\n\t\t\t\t\t\t\t\t\t\t\t\t\t\n\t\t\t\t\t\t\t<li>\n\t\t\t\t\t\t\t\t<a href=\"#\" class=\"wd-nav-link\">\n\t\t\t\t\t\t\t\t\t\n\t\t\t\t\t\t\t\t\t<span class=\"nav-link-text wd-tabs-title\">\n\t\t\t\t\t\t\t\t\t\tSub Area1\t\t\t\t\t\t\t\t\t<\/span>\n\t\t\t\t\t\t\t\t<\/a>\n\t\t\t\t\t\t\t<\/li>\n\n\t\t\t\t\t\t\t\t\t\t\t<\/ul>\n\t\t\t\t<\/div>\n\t\t\t<\/div>\n\n\t\t\t<div class=\"wd-tab-content-wrapper\">\n\t\t\t\t\t\t\t\t\t\t\t\t\t\t\n\t\t\t\t\t\n\t\t\t\t\t<div class=\"wd-tab-content wd-active wd-in\">\n\t\t\t\t\t\t\t\t\t\t\t\t\t<div >\n\t\t\t\t\t\t\t\t<p>Individual management of our clients' real estate properties is the central theme of our work. In doing so, we are always committed to our clients' interests - with transparent management and the highest quality of service. We currently manage properties with a total value of over 1.48 billion euros and approx. 510,000 m\u00b2 of residential and commercial space, divided into more than 4,300 units.<br \/><br \/>Because only 10% of the building costs are attributable to planning and construction, but 90% are incurred during the service life, this requires many years of experience and technical support. Frequent on-site presence and optimisation of property costs are the basis for value enhancement.<\/p>\t\t\t\t\t\t\t<\/div>\n\t\t\t\t\t\t\t\t\t\t\t<\/div>\n\n\t\t\t\t\t\t\t<\/div>\n\t\t<\/div>\n\t\t\t\t\t\t<\/div>\n\t\t\t\t<\/div>\n\t\t\t\t\t<\/div>\n\t\t<\/div>\n\t\t\t\t\t<\/div>\n\t\t<\/section>\n\t\t\t\t<\/div>","protected":false},"excerpt":{"rendered":"<p>WEG- Verwaltung Title text example Sub Area1 Individual management of our clients' properties is the central theme of our work. In doing so<\/p>","protected":false},"author":24,"featured_media":0,"parent":0,"menu_order":0,"comment_status":"closed","ping_status":"closed","template":"","meta":{"inline_featured_image":false,"footnotes":""},"class_list":["post-18893","page","type-page","status-publish","hentry"],"yoast_head":"<!-- This site is optimized with the Yoast SEO plugin v27.2 - https:\/\/yoast.com\/product\/yoast-seo-wordpress\/ -->\n<title>WEG- Verwaltung - D\u00fcrselen GmbH<\/title>\n<meta name=\"description\" content=\"Professionelle WEG-Verwaltung in K\u00f6ln und Umgebung. Rechtssicher, transparent und ideal f\u00fcr Beir\u00e4te und Eigent\u00fcmergemeinschaften.\" \/>\n<meta name=\"robots\" content=\"noindex, follow, max-snippet:-1, max-image-preview:large, max-video-preview:-1\" \/>\n<meta property=\"og:locale\" content=\"en_GB\" \/>\n<meta property=\"og:type\" content=\"article\" \/>\n<meta property=\"og:title\" content=\"WEG- Verwaltung - D\u00fcrselen GmbH\" \/>\n<meta property=\"og:description\" content=\"Professionelle WEG-Verwaltung in K\u00f6ln und Umgebung. Rechtssicher, transparent und ideal f\u00fcr Beir\u00e4te und Eigent\u00fcmergemeinschaften.\" \/>\n<meta property=\"og:url\" content=\"https:\/\/duerselen-immobilien.de\/en\/weg-verwaltung-koeln-fuer-eigentuemergemeinschaften\/\" \/>\n<meta property=\"og:site_name\" content=\"D\u00fcrselen GmbH\" \/>\n<meta property=\"article:modified_time\" content=\"2026-04-10T05:23:32+00:00\" \/>\n<meta name=\"twitter:card\" content=\"summary_large_image\" \/>\n<meta name=\"twitter:label1\" content=\"Estimated reading time\" \/>\n\t<meta name=\"twitter:data1\" content=\"1 minute\" \/>\n<script type=\"application\/ld+json\" class=\"yoast-schema-graph\">{\"@context\":\"https:\/\/schema.org\",\"@graph\":[{\"@type\":\"WebPage\",\"@id\":\"https:\/\/duerselen-immobilien.de\/weg-verwaltung-koeln-fuer-eigentuemergemeinschaften\/\",\"url\":\"https:\/\/duerselen-immobilien.de\/weg-verwaltung-koeln-fuer-eigentuemergemeinschaften\/\",\"name\":\"WEG- Verwaltung - D\u00fcrselen GmbH\",\"isPartOf\":{\"@id\":\"https:\/\/duerselen-immobilien.de\/#website\"},\"datePublished\":\"2024-05-06T06:32:14+00:00\",\"dateModified\":\"2026-04-10T05:23:32+00:00\",\"description\":\"Professionelle WEG-Verwaltung in K\u00f6ln und Umgebung. Rechtssicher, transparent und ideal f\u00fcr Beir\u00e4te und Eigent\u00fcmergemeinschaften.\",\"breadcrumb\":{\"@id\":\"https:\/\/duerselen-immobilien.de\/weg-verwaltung-koeln-fuer-eigentuemergemeinschaften\/#breadcrumb\"},\"inLanguage\":\"en-GB\",\"potentialAction\":[{\"@type\":\"ReadAction\",\"target\":[\"https:\/\/duerselen-immobilien.de\/weg-verwaltung-koeln-fuer-eigentuemergemeinschaften\/\"]}]},{\"@type\":\"BreadcrumbList\",\"@id\":\"https:\/\/duerselen-immobilien.de\/weg-verwaltung-koeln-fuer-eigentuemergemeinschaften\/#breadcrumb\",\"itemListElement\":[{\"@type\":\"ListItem\",\"position\":1,\"name\":\"Startseite\",\"item\":\"https:\/\/duerselen-immobilien.de\/\"},{\"@type\":\"ListItem\",\"position\":2,\"name\":\"WEG- Verwaltung\"}]},{\"@type\":\"WebSite\",\"@id\":\"https:\/\/duerselen-immobilien.de\/#website\",\"url\":\"https:\/\/duerselen-immobilien.de\/\",\"name\":\"D\u00fcrselen GmbH\",\"description\":\"Architekten und Ingenieure\",\"potentialAction\":[{\"@type\":\"SearchAction\",\"target\":{\"@type\":\"EntryPoint\",\"urlTemplate\":\"https:\/\/duerselen-immobilien.de\/?s={search_term_string}\"},\"query-input\":{\"@type\":\"PropertyValueSpecification\",\"valueRequired\":true,\"valueName\":\"search_term_string\"}}],\"inLanguage\":\"en-GB\"}]}<\/script>\n<!-- \/ Yoast SEO plugin. -->","yoast_head_json":{"title":"WEG- Verwaltung - D\u00fcrselen GmbH","description":"Professionelle WEG-Verwaltung in K\u00f6ln und Umgebung. Rechtssicher, transparent und ideal f\u00fcr Beir\u00e4te und Eigent\u00fcmergemeinschaften.","robots":{"index":"noindex","follow":"follow","max-snippet":"max-snippet:-1","max-image-preview":"max-image-preview:large","max-video-preview":"max-video-preview:-1"},"og_locale":"en_GB","og_type":"article","og_title":"WEG- Verwaltung - D\u00fcrselen GmbH","og_description":"Professionelle WEG-Verwaltung in K\u00f6ln und Umgebung. Rechtssicher, transparent und ideal f\u00fcr Beir\u00e4te und Eigent\u00fcmergemeinschaften.","og_url":"https:\/\/duerselen-immobilien.de\/en\/weg-verwaltung-koeln-fuer-eigentuemergemeinschaften\/","og_site_name":"D\u00fcrselen GmbH","article_modified_time":"2026-04-10T05:23:32+00:00","twitter_card":"summary_large_image","twitter_misc":{"Estimated reading time":"1 minute"},"schema":{"@context":"https:\/\/schema.org","@graph":[{"@type":"WebPage","@id":"https:\/\/duerselen-immobilien.de\/weg-verwaltung-koeln-fuer-eigentuemergemeinschaften\/","url":"https:\/\/duerselen-immobilien.de\/weg-verwaltung-koeln-fuer-eigentuemergemeinschaften\/","name":"WEG- Verwaltung - D\u00fcrselen GmbH","isPartOf":{"@id":"https:\/\/duerselen-immobilien.de\/#website"},"datePublished":"2024-05-06T06:32:14+00:00","dateModified":"2026-04-10T05:23:32+00:00","description":"Professionelle WEG-Verwaltung in K\u00f6ln und Umgebung. Rechtssicher, transparent und ideal f\u00fcr Beir\u00e4te und Eigent\u00fcmergemeinschaften.","breadcrumb":{"@id":"https:\/\/duerselen-immobilien.de\/weg-verwaltung-koeln-fuer-eigentuemergemeinschaften\/#breadcrumb"},"inLanguage":"en-GB","potentialAction":[{"@type":"ReadAction","target":["https:\/\/duerselen-immobilien.de\/weg-verwaltung-koeln-fuer-eigentuemergemeinschaften\/"]}]},{"@type":"BreadcrumbList","@id":"https:\/\/duerselen-immobilien.de\/weg-verwaltung-koeln-fuer-eigentuemergemeinschaften\/#breadcrumb","itemListElement":[{"@type":"ListItem","position":1,"name":"Startseite","item":"https:\/\/duerselen-immobilien.de\/"},{"@type":"ListItem","position":2,"name":"WEG- Verwaltung"}]},{"@type":"WebSite","@id":"https:\/\/duerselen-immobilien.de\/#website","url":"https:\/\/duerselen-immobilien.de\/","name":"D\u00fcrselen GmbH","description":"Architects and engineers","potentialAction":[{"@type":"SearchAction","target":{"@type":"EntryPoint","urlTemplate":"https:\/\/duerselen-immobilien.de\/?s={search_term_string}"},"query-input":{"@type":"PropertyValueSpecification","valueRequired":true,"valueName":"search_term_string"}}],"inLanguage":"en-GB"}]}},"_links":{"self":[{"href":"https:\/\/duerselen-immobilien.de\/en\/wp-json\/wp\/v2\/pages\/18893","targetHints":{"allow":["GET"]}}],"collection":[{"href":"https:\/\/duerselen-immobilien.de\/en\/wp-json\/wp\/v2\/pages"}],"about":[{"href":"https:\/\/duerselen-immobilien.de\/en\/wp-json\/wp\/v2\/types\/page"}],"author":[{"embeddable":true,"href":"https:\/\/duerselen-immobilien.de\/en\/wp-json\/wp\/v2\/users\/24"}],"replies":[{"embeddable":true,"href":"https:\/\/duerselen-immobilien.de\/en\/wp-json\/wp\/v2\/comments?post=18893"}],"version-history":[{"count":6,"href":"https:\/\/duerselen-immobilien.de\/en\/wp-json\/wp\/v2\/pages\/18893\/revisions"}],"predecessor-version":[{"id":18916,"href":"https:\/\/duerselen-immobilien.de\/en\/wp-json\/wp\/v2\/pages\/18893\/revisions\/18916"}],"wp:attachment":[{"href":"https:\/\/duerselen-immobilien.de\/en\/wp-json\/wp\/v2\/media?parent=18893"}],"curies":[{"name":"wp","href":"https:\/\/api.w.org\/{rel}","templated":true}]}}