{"id":17481,"date":"2022-12-22T13:19:04","date_gmt":"2022-12-22T13:19:04","guid":{"rendered":"https:\/\/duerselen-de-wordpress.rz.mup-digital.com\/?page_id=17481"},"modified":"2026-04-10T05:25:21","modified_gmt":"2026-04-10T05:25:21","slug":"mietverwaltung-koeln-fuer-eigentuemer-duerselen","status":"publish","type":"page","link":"https:\/\/duerselen-immobilien.de\/en\/mietverwaltung-koeln-fuer-eigentuemer-duerselen\/","title":{"rendered":"Rental management"},"content":{"rendered":"<div data-elementor-type=\"wp-page\" data-elementor-id=\"17481\" class=\"elementor elementor-17481\" data-elementor-post-type=\"page\">\n\t\t\t\t\t\t<section class=\"elementor-section elementor-top-section elementor-element elementor-element-931fa3b elementor-section-full_width elementor-section-stretched elementor-section-height-default elementor-section-height-default\" data-id=\"931fa3b\" data-element_type=\"section\" data-settings=\"{&quot;stretch_section&quot;:&quot;section-stretched&quot;}\">\n\t\t\t\t\t\t<div class=\"elementor-container elementor-column-gap-default\">\n\t\t\t\t\t<div class=\"elementor-column elementor-col-100 elementor-top-column elementor-element elementor-element-4517855\" data-id=\"4517855\" data-element_type=\"column\">\n\t\t\t<div class=\"elementor-widget-wrap elementor-element-populated\">\n\t\t\t\t\t\t<div class=\"elementor-element elementor-element-693be97 elementor-widget elementor-widget-wd_text_block\" data-id=\"693be97\" data-element_type=\"widget\" data-widget_type=\"wd_text_block.default\">\n\t\t\t\t<div class=\"elementor-widget-container\">\n\t\t\t\t\t\t\t\t<link rel=\"stylesheet\" id=\"wd-text-block-css\" href=\"https:\/\/duerselen-immobilien.de\/wp-content\/themes\/woodmart\/css\/parts\/el-text-block.min.css?ver=7.4.0\" type=\"text\/css\" media=\"all\" \/> \t\t\t\t\t<div class=\"wd-text-block reset-last-child text-left\">\n\t\t\t\n\t\t\t<video autoplay=\"autoplay\" loop=\"loop\" muted=\"\" width=\"100%\" height=\"100%\">\n<source src=\"\/wp-content\/uploads\/2023\/04\/140228_business_people_signing_documents_and_shaking_hands_By_Gpoint_Studio_Artlist_HD.mp4\" type=\"video\/mp4\" \/>\n<\/video>\n\t\t\t\t\t<\/div>\n\t\t\t\t\t\t<\/div>\n\t\t\t\t<\/div>\n\t\t\t\t\t<\/div>\n\t\t<\/div>\n\t\t\t\t\t<\/div>\n\t\t<\/section>\n\t\t\t\t<section class=\"elementor-section elementor-top-section elementor-element elementor-element-164f3328 expertisesinglepage elementor-section-boxed elementor-section-height-default elementor-section-height-default\" data-id=\"164f3328\" data-element_type=\"section\" id=\"umeltscrollsection\">\n\t\t\t\t\t\t<div class=\"elementor-container elementor-column-gap-default\">\n\t\t\t\t\t<div class=\"elementor-column elementor-col-100 elementor-top-column elementor-element elementor-element-75376bc7\" data-id=\"75376bc7\" data-element_type=\"column\">\n\t\t\t<div class=\"elementor-widget-wrap elementor-element-populated\">\n\t\t\t\t\t\t<div class=\"elementor-element elementor-element-23136a2e section-title elementor-widget elementor-widget-wd_text_block\" data-id=\"23136a2e\" data-element_type=\"widget\" data-widget_type=\"wd_text_block.default\">\n\t\t\t\t<div class=\"elementor-widget-container\">\n\t\t\t\t\t\t\t<div class=\"wd-text-block reset-last-child text-left\">\n\t\t\t\n\t\t\t<h2 style=\"text-align: center;\"><span class=\"boxfirst boxnormal\">Re<\/span>ntal Managment<\/h2>\n\t\t\t\t\t<\/div>\n\t\t\t\t\t\t<\/div>\n\t\t\t\t<\/div>\n\t\t\t\t<div class=\"elementor-element elementor-element-6cb5d43 elementor-widget elementor-widget-spacer\" data-id=\"6cb5d43\" data-element_type=\"widget\" data-widget_type=\"spacer.default\">\n\t\t\t\t<div class=\"elementor-widget-container\">\n\t\t\t\t\t\t\t<div class=\"elementor-spacer\">\n\t\t\t<div class=\"elementor-spacer-inner\"><\/div>\n\t\t<\/div>\n\t\t\t\t\t\t<\/div>\n\t\t\t\t<\/div>\n\t\t\t\t<div class=\"elementor-element elementor-element-6f490a4 elementor-widget elementor-widget-wd_tabs\" data-id=\"6f490a4\" data-element_type=\"widget\" data-widget_type=\"wd_tabs.default\">\n\t\t\t\t<div class=\"elementor-widget-container\">\n\t\t\t\t\t\t\t\t<link rel=\"stylesheet\" id=\"wd-tabs-css\" href=\"https:\/\/duerselen-immobilien.de\/wp-content\/themes\/woodmart\/css\/parts\/el-tabs.min.css?ver=7.4.0\" type=\"text\/css\" media=\"all\" \/> \t\t\t\t\t<div class=\"wd-tabs tabs-design-default\">\n\t\t\t<div class=\"wd-tabs-header text-center\">\n\t\t\t\t\t\t\t\t\t<div class=\"tabs-name title\">\n\t\t\t\t\t\t\n\t\t\t\t\t\t<span class=\"tabs-text\" data-elementor-setting-key=\"title\">\n\t\t\t\t\t\t\tTitle text example\t\t\t\t\t\t<\/span>\n\t\t\t\t\t<\/div>\n\t\t\t\t\n\t\t\t\t\n\t\t\t\t<div class=\"wd-nav-wrapper wd-nav-tabs-wrapper\">\n\t\t\t\t\t<ul class=\"wd-nav wd-nav-tabs wd-icon-pos-left wd-style-default\">\n\t\t\t\t\t\t\t\t\t\t\t\t\t\n\t\t\t\t\t\t\t<li>\n\t\t\t\t\t\t\t\t<a href=\"#\" class=\"wd-nav-link\">\n\t\t\t\t\t\t\t\t\t\n\t\t\t\t\t\t\t\t\t<span class=\"nav-link-text wd-tabs-title\">\n\t\t\t\t\t\t\t\t\t\tSub Area1\t\t\t\t\t\t\t\t\t<\/span>\n\t\t\t\t\t\t\t\t<\/a>\n\t\t\t\t\t\t\t<\/li>\n\n\t\t\t\t\t\t\t\t\t\t\t<\/ul>\n\t\t\t\t<\/div>\n\t\t\t<\/div>\n\n\t\t\t<div class=\"wd-tab-content-wrapper\">\n\t\t\t\t\t\t\t\t\t\t\t\t\t\t\n\t\t\t\t\t\n\t\t\t\t\t<div class=\"wd-tab-content wd-active wd-in\">\n\t\t\t\t\t\t\t\t\t\t\t\t\t<div >\n\t\t\t\t\t\t\t\t<img fetchpriority=\"high\" decoding=\"async\" src=\"\/wp-content\/uploads\/2022\/12\/pexels-aleksejs-bergmanis-681368.jpg\" alt=\"\" width=\"1200\" height=\"400\" \/>\nIndividual management of our clients' real estate properties is the central theme of our work. In doing so, we are always committed to our clients' interests - with transparent management and the highest quality of service. We currently manage properties with a total value of over 1.48 billion euros and approx. 510,000 m\u00b2 of residential and commercial space, divided into more than 4,300 units.\n<br><br>\nBecause only 10% of the building costs are incurred in planning and construction, but 90% are incurred during the building's useful life, this requires many years of experience and technical support. Frequent presence on site and optimisation of property costs are the basis for value enhancement. \n\t\t\t\t\t\t\t<\/div>\n\t\t\t\t\t\t\t\t\t\t\t<\/div>\n\n\t\t\t\t\t\t\t<\/div>\n\t\t<\/div>\n\t\t\t\t\t\t<\/div>\n\t\t\t\t<\/div>\n\t\t\t\t\t<\/div>\n\t\t<\/div>\n\t\t\t\t\t<\/div>\n\t\t<\/section>\n\t\t\t\t<\/div>","protected":false},"excerpt":{"rendered":"<p>Rental management Sub Area1 Individual management of our clients' properties is the central theme of our work. We are always committed to<\/p>","protected":false},"author":3,"featured_media":0,"parent":0,"menu_order":0,"comment_status":"closed","ping_status":"closed","template":"","meta":{"inline_featured_image":false,"footnotes":""},"class_list":["post-17481","page","type-page","status-publish","hentry"],"yoast_head":"<!-- This site is optimized with the Yoast SEO plugin v27.2 - https:\/\/yoast.com\/product\/yoast-seo-wordpress\/ -->\n<title>Mietverwaltung - D\u00fcrselen GmbH<\/title>\n<meta name=\"description\" content=\"Mietverwaltung f\u00fcr Eigent\u00fcmer in K\u00f6ln und Umgebung. Wir k\u00fcmmern uns um Mieter, Abrechnung und Werterhalt Ihrer Immobilie.\" \/>\n<meta name=\"robots\" content=\"noindex, follow, max-snippet:-1, max-image-preview:large, max-video-preview:-1\" \/>\n<meta property=\"og:locale\" content=\"en_GB\" \/>\n<meta property=\"og:type\" content=\"article\" \/>\n<meta property=\"og:title\" content=\"Mietverwaltung - D\u00fcrselen GmbH\" \/>\n<meta property=\"og:description\" content=\"Mietverwaltung f\u00fcr Eigent\u00fcmer in K\u00f6ln und Umgebung. Wir k\u00fcmmern uns um Mieter, Abrechnung und Werterhalt Ihrer Immobilie.\" \/>\n<meta property=\"og:url\" content=\"https:\/\/duerselen-immobilien.de\/en\/mietverwaltung-koeln-fuer-eigentuemer-duerselen\/\" \/>\n<meta property=\"og:site_name\" content=\"D\u00fcrselen GmbH\" \/>\n<meta property=\"article:modified_time\" content=\"2026-04-10T05:25:21+00:00\" \/>\n<meta name=\"twitter:card\" content=\"summary_large_image\" \/>\n<meta name=\"twitter:label1\" content=\"Estimated reading time\" \/>\n\t<meta name=\"twitter:data1\" content=\"1 minute\" \/>\n<script type=\"application\/ld+json\" class=\"yoast-schema-graph\">{\"@context\":\"https:\/\/schema.org\",\"@graph\":[{\"@type\":\"WebPage\",\"@id\":\"https:\/\/duerselen-immobilien.de\/mietverwaltung-koeln-fuer-eigentuemer-duerselen\/\",\"url\":\"https:\/\/duerselen-immobilien.de\/mietverwaltung-koeln-fuer-eigentuemer-duerselen\/\",\"name\":\"Mietverwaltung - D\u00fcrselen GmbH\",\"isPartOf\":{\"@id\":\"https:\/\/duerselen-immobilien.de\/#website\"},\"datePublished\":\"2022-12-22T13:19:04+00:00\",\"dateModified\":\"2026-04-10T05:25:21+00:00\",\"description\":\"Mietverwaltung f\u00fcr Eigent\u00fcmer in K\u00f6ln und Umgebung. Wir k\u00fcmmern uns um Mieter, Abrechnung und Werterhalt Ihrer Immobilie.\",\"breadcrumb\":{\"@id\":\"https:\/\/duerselen-immobilien.de\/mietverwaltung-koeln-fuer-eigentuemer-duerselen\/#breadcrumb\"},\"inLanguage\":\"en-GB\",\"potentialAction\":[{\"@type\":\"ReadAction\",\"target\":[\"https:\/\/duerselen-immobilien.de\/mietverwaltung-koeln-fuer-eigentuemer-duerselen\/\"]}]},{\"@type\":\"BreadcrumbList\",\"@id\":\"https:\/\/duerselen-immobilien.de\/mietverwaltung-koeln-fuer-eigentuemer-duerselen\/#breadcrumb\",\"itemListElement\":[{\"@type\":\"ListItem\",\"position\":1,\"name\":\"Startseite\",\"item\":\"https:\/\/duerselen-immobilien.de\/\"},{\"@type\":\"ListItem\",\"position\":2,\"name\":\"Mietverwaltung\"}]},{\"@type\":\"WebSite\",\"@id\":\"https:\/\/duerselen-immobilien.de\/#website\",\"url\":\"https:\/\/duerselen-immobilien.de\/\",\"name\":\"D\u00fcrselen GmbH\",\"description\":\"Architekten und Ingenieure\",\"potentialAction\":[{\"@type\":\"SearchAction\",\"target\":{\"@type\":\"EntryPoint\",\"urlTemplate\":\"https:\/\/duerselen-immobilien.de\/?s={search_term_string}\"},\"query-input\":{\"@type\":\"PropertyValueSpecification\",\"valueRequired\":true,\"valueName\":\"search_term_string\"}}],\"inLanguage\":\"en-GB\"}]}<\/script>\n<!-- \/ Yoast SEO plugin. -->","yoast_head_json":{"title":"Mietverwaltung - D\u00fcrselen GmbH","description":"Mietverwaltung f\u00fcr Eigent\u00fcmer in K\u00f6ln und Umgebung. Wir k\u00fcmmern uns um Mieter, Abrechnung und Werterhalt Ihrer Immobilie.","robots":{"index":"noindex","follow":"follow","max-snippet":"max-snippet:-1","max-image-preview":"max-image-preview:large","max-video-preview":"max-video-preview:-1"},"og_locale":"en_GB","og_type":"article","og_title":"Mietverwaltung - D\u00fcrselen GmbH","og_description":"Mietverwaltung f\u00fcr Eigent\u00fcmer in K\u00f6ln und Umgebung. Wir k\u00fcmmern uns um Mieter, Abrechnung und Werterhalt Ihrer Immobilie.","og_url":"https:\/\/duerselen-immobilien.de\/en\/mietverwaltung-koeln-fuer-eigentuemer-duerselen\/","og_site_name":"D\u00fcrselen GmbH","article_modified_time":"2026-04-10T05:25:21+00:00","twitter_card":"summary_large_image","twitter_misc":{"Estimated reading time":"1 minute"},"schema":{"@context":"https:\/\/schema.org","@graph":[{"@type":"WebPage","@id":"https:\/\/duerselen-immobilien.de\/mietverwaltung-koeln-fuer-eigentuemer-duerselen\/","url":"https:\/\/duerselen-immobilien.de\/mietverwaltung-koeln-fuer-eigentuemer-duerselen\/","name":"Mietverwaltung - D\u00fcrselen GmbH","isPartOf":{"@id":"https:\/\/duerselen-immobilien.de\/#website"},"datePublished":"2022-12-22T13:19:04+00:00","dateModified":"2026-04-10T05:25:21+00:00","description":"Mietverwaltung f\u00fcr Eigent\u00fcmer in K\u00f6ln und Umgebung. Wir k\u00fcmmern uns um Mieter, Abrechnung und Werterhalt Ihrer Immobilie.","breadcrumb":{"@id":"https:\/\/duerselen-immobilien.de\/mietverwaltung-koeln-fuer-eigentuemer-duerselen\/#breadcrumb"},"inLanguage":"en-GB","potentialAction":[{"@type":"ReadAction","target":["https:\/\/duerselen-immobilien.de\/mietverwaltung-koeln-fuer-eigentuemer-duerselen\/"]}]},{"@type":"BreadcrumbList","@id":"https:\/\/duerselen-immobilien.de\/mietverwaltung-koeln-fuer-eigentuemer-duerselen\/#breadcrumb","itemListElement":[{"@type":"ListItem","position":1,"name":"Startseite","item":"https:\/\/duerselen-immobilien.de\/"},{"@type":"ListItem","position":2,"name":"Mietverwaltung"}]},{"@type":"WebSite","@id":"https:\/\/duerselen-immobilien.de\/#website","url":"https:\/\/duerselen-immobilien.de\/","name":"D\u00fcrselen GmbH","description":"Architects and engineers","potentialAction":[{"@type":"SearchAction","target":{"@type":"EntryPoint","urlTemplate":"https:\/\/duerselen-immobilien.de\/?s={search_term_string}"},"query-input":{"@type":"PropertyValueSpecification","valueRequired":true,"valueName":"search_term_string"}}],"inLanguage":"en-GB"}]}},"_links":{"self":[{"href":"https:\/\/duerselen-immobilien.de\/en\/wp-json\/wp\/v2\/pages\/17481","targetHints":{"allow":["GET"]}}],"collection":[{"href":"https:\/\/duerselen-immobilien.de\/en\/wp-json\/wp\/v2\/pages"}],"about":[{"href":"https:\/\/duerselen-immobilien.de\/en\/wp-json\/wp\/v2\/types\/page"}],"author":[{"embeddable":true,"href":"https:\/\/duerselen-immobilien.de\/en\/wp-json\/wp\/v2\/users\/3"}],"replies":[{"embeddable":true,"href":"https:\/\/duerselen-immobilien.de\/en\/wp-json\/wp\/v2\/comments?post=17481"}],"version-history":[{"count":31,"href":"https:\/\/duerselen-immobilien.de\/en\/wp-json\/wp\/v2\/pages\/17481\/revisions"}],"predecessor-version":[{"id":18341,"href":"https:\/\/duerselen-immobilien.de\/en\/wp-json\/wp\/v2\/pages\/17481\/revisions\/18341"}],"wp:attachment":[{"href":"https:\/\/duerselen-immobilien.de\/en\/wp-json\/wp\/v2\/media?parent=17481"}],"curies":[{"name":"wp","href":"https:\/\/api.w.org\/{rel}","templated":true}]}}