{"id":16493,"date":"2022-08-05T11:51:54","date_gmt":"2022-08-05T11:51:54","guid":{"rendered":"https:\/\/duerselen-de-wordpress.rz.mup-digital.com\/?page_id=16493"},"modified":"2023-04-04T10:25:34","modified_gmt":"2023-04-04T10:25:34","slug":"datenschutzerklarung","status":"publish","type":"page","link":"https:\/\/duerselen-immobilien.de\/en\/datenschutzerklarung\/","title":{"rendered":"Privacy policy"},"content":{"rendered":"<div data-elementor-type=\"wp-page\" data-elementor-id=\"16493\" class=\"elementor elementor-16493\" data-elementor-post-type=\"page\">\n\t\t\t\t\t\t<section class=\"elementor-section elementor-top-section elementor-element elementor-element-6b552825 elementor-section-boxed elementor-section-height-default elementor-section-height-default\" data-id=\"6b552825\" data-element_type=\"section\">\n\t\t\t\t\t\t<div class=\"elementor-container elementor-column-gap-default\">\n\t\t\t\t\t<div class=\"elementor-column elementor-col-100 elementor-top-column elementor-element elementor-element-767eee27\" data-id=\"767eee27\" data-element_type=\"column\">\n\t\t\t<div class=\"elementor-widget-wrap elementor-element-populated\">\n\t\t\t\t\t\t<div class=\"elementor-element elementor-element-b8ef291 color-scheme-inherit text-left elementor-widget elementor-widget-text-editor\" data-id=\"b8ef291\" data-element_type=\"widget\" data-widget_type=\"text-editor.default\">\n\t\t\t\t<div class=\"elementor-widget-container\">\n\t\t\t\t\t\t\t\t\t\n<div class=\"et_pb_module et_pb_text et_pb_text_0  et_pb_text_align_left et_pb_bg_layout_light\">\n<div class=\"et_pb_text_inner\">\n<div class=\"et_pb_module et_pb_text et_pb_text_0  et_pb_text_align_left et_pb_bg_layout_light\">\n<div class=\"et_pb_text_inner\">\n<div class=\"et_pb_row et_pb_row_1 et_pb_row_3-4_1-4\">\n<div class=\"et_pb_column et_pb_column_3_4 et_pb_column_1  et_pb_css_mix_blend_mode_passthrough\">\n<div class=\"et_pb_module et_pb_text et_pb_text_1  et_pb_text_align_left et_pb_bg_layout_light\">\n<div class=\"et_pb_text_inner\">\n<div class=\"contents\">\n<p>The protection of your privacy is very important to D\u00fcrselen Immobilien GmbH &amp; Co KG. Below we inform you in detail about the handling of your data in accordance with Art. 13 DSGVO.<\/p>\n<p><strong>Responsible<br \/><br \/><\/strong>D\u00fcrselen Real Estate GmbH<br \/>Aachener Stra\u00dfe 1006<br \/>50858 Cologne<br \/>Germany<\/p>\n<p><strong>Tel.<\/strong> : +49 (0) 221 500 686 0<br \/><strong>Fax<\/strong> : +49 (0) 221 500 686 55<br \/><b>E-mail<\/b>: mail@duerselen-kg.de<\/p>\n<p>represented by the managing partner:<\/p>\n<p>by D\u00fcrreis Verm\u00f6gensverwaltung GmbH,<br \/>represented by the managing director: Jochen D\u00fcrselen<strong><br \/><\/strong><\/p>\n<p><strong>You can reach our external data protection officer by post or email:<\/strong><\/p>\n<p>Prof. Dr Ulf Vormbrock<br \/>Fritz-Vomfelde-Str. 34<br \/>40547 D\u00fcsseldorf<br \/><br \/>Phone: +49 (0)211 538 216 70<br \/>Fax: +49 (0)211 538 216 71<br \/>E-mail: vormbrock@vormbrock.net<strong><a href=\"mailto:vormbrock@vormbrock.net\"><br \/><\/a><\/strong><\/p>\n<p><strong>Collection and storage of personal data as well as the type and purpose of their use<\/strong><\/p>\n<p><strong>Visit the website<\/strong><\/p>\n<p>When you access our website, the browser used on your end device automatically sends information to the server of our website. This information is temporarily stored in a so-called log file. The following information is collected without your intervention and stored until automatic deletion:<\/p>\n<ul>\n<li>IP address of the user<\/li>\n<li>Date and time of access<\/li>\n<li>Websites that are accessed by the user's system via our website<\/li>\n<li>Websites from which the user's system accesses our website (referrer URL)<\/li>\n<li>Information about the browser type and version used<\/li>\n<\/ul>\n<p>\u00a0The above data will be processed by us for the following purposes:<\/p>\n<ul>\n<li>Ensuring a smooth connection of the website,<\/li>\n<li>Ensuring a comfortable use of our website,<\/li>\n<li>Evaluation of system security and stability, and<\/li>\n<li>for other administrative purposes.<\/li>\n<\/ul>\n<p>The legal basis for data processing is Art. 6 para. 1 lit. f DSGVO. Our legitimate interest follows from the purposes for data collection listed above. In no case do we use the collected data for the purpose of drawing conclusions about your person.<\/p>\n<p><strong>Data of our customers and service providers<\/strong><\/p>\n<p>We process the personal data of our customers and service providers for the conclusion or execution of contracts, in accordance with Art. 6 Para. 1 lit. b DSGVO. If you are not a customer or service provider, but it is nevertheless appropriate for us to process your personal data, e.g. because you have asked us for a quote or you are applying for a contract with us, your data will be processed on the basis of our legitimate interest, pursuant to Art. 6 (1) (f) of the GDPR. In this context, please also note your right according to Art. 21 DSGVO (see below).<\/p>\n<p><strong>Tenant data<\/strong><\/p>\n<p>We process the personal data of tenants in the properties we manage on the basis of our legitimate interest, pursuant to Art. 6 (1) lit. f DSGVO. Your landlord has commissioned us to look after and process the management activities relating to your apartment\/property; in order for us to be able to carry out this activity for you in a comprehensible manner, we are dependent on the processing of your personal data, insofar as this is covered by the direct purpose of our commission. In this context, please also note your right according to Art. 21 DSGVO (see below)<\/p>\n<p><strong>Applicant data<\/strong><\/p>\n<p>If you apply to our company, we process your data on the basis of our legitimate interest, pursuant to Art. 6 (1) lit. f DSGVO, because this is the only way we can communicate with you appropriately. In this context, please also note your right according to Art. 21 DSGVO (see below)<\/p>\n<div><strong>Passing on data<\/strong><\/div>\n<div><strong><br \/><\/strong>Your personal data will not be transferred to third parties for purposes other than those listed below.<\/div>\n<div>\u00a0<\/div>\n<div><strong>We will only share your personal information with third parties if:<\/strong><\/div>\n<div>\u00a0<\/div>\n<ul>\n<li>you have given your express consent in accordance with Art. 6 para. 1 lit. a DSGVO,<br \/><br \/><\/li>\n<li>the disclosure is necessary in accordance with Art. 6 (1) lit. f DSGVO for the assertion, exercise or defence of legal claims and there is no reason to assume that you have an overriding interest worthy of protection in the non-disclosure of your data,<br \/><br \/><\/li>\n<li>in the event that there is a legal obligation for the disclosure pursuant to Art. 6 para. 1 lit. c DSGVO, as well as<br \/><br \/><\/li>\n<li>this is legally permissible and necessary according to Art. 6 para. 1 lit. b DSGVO for the processing of contractual relationships with you.<\/li>\n<\/ul>\n<p>\u00a0<\/p>\n<p><strong>Cookies<br \/><br \/><\/strong>We use cookies on our site. These are small files that are automatically created by your browser and stored on your end device (laptop, tablet, smartphone or similar) when you visit our site. Cookies do not cause any damage to your end device and do not contain any viruses, Trojans or other malware.<\/p>\n<p>Information is stored in the cookie that arises in connection with the specific end device used. However, this does not mean that we gain direct knowledge of your identity.<\/p>\n<p>The use of cookies serves, on the one hand, to make the use of our offer more pleasant for you. We use so-called session cookies to recognise that you have already visited individual pages of our website. These are automatically deleted after you leave our site.<\/p>\n<p>In addition, we also use temporary cookies to optimise user-friendliness, which are stored on your end device for a certain fixed period of time. If you visit our site again to use our services, it is automatically recognised that you have already been with us and which entries and settings you have made so that you do not have to enter them again.<\/p>\n<p>The data processed by cookies is necessary for the aforementioned purposes to protect our legitimate interests and those of third parties in accordance with Art. 6 (1) lit. f DSGVO.<\/p>\n<p>Most browsers accept cookies automatically. However, you can configure your browser so that no cookies are stored on your computer or a notice always appears before a new cookie is created. However, the complete deactivation of cookies may mean that you cannot use all the functions of our website.<\/p>\n<p>\u00a0<\/p>\n<p><strong>Data subjects' rights<br \/><br \/><\/strong>With regard to the processing of your personal data, you have the following rights under the GDPR:<\/p>\n<ul>\n<li><strong>Right to information according to Art. 15 DSGV<br \/><\/strong>You can request information about your personal data processed by us. In particular, you can request information about the information listed in Art. 15 DSGVO.<br \/><br \/><\/li>\n<li><strong>Right of rectification according to Art. 16 DSGVO<br \/><\/strong>You may immediately request the correction of incorrect or incomplete personal data stored by us.<br \/><br \/><\/li>\n<li><strong>Right to deletion according to Art. 17 DSGVO<br \/><\/strong>You may request the deletion of your personal data stored by us, unless the processing is necessary for the exercise of the right to freedom of expression and information, for compliance with a legal obligation, for reasons of public interest or for the assertion, exercise or defence of legal claims.<\/li>\n<\/ul>\n<ul>\n<li><strong>Right to restrict processing Art. 18 DSGVO<br \/><\/strong>You may request the restriction of the processing of your personal data insofar as the accuracy of the data is disputed by you, the processing is unlawful, but you object to its erasure and we no longer require the data, but you need it for the assertion, exercise or defence of legal claims or you have objected to the processing pursuant to Art. 21 DSGVO.<strong><br \/><\/strong><\/li>\n<\/ul>\n<ul>\n<li><strong>Right to data portability according to Art. 20 DSGVO<br \/><\/strong>You may receive the personal data you have provided to us in a structured, commonly used and machine-readable format or request that it be transferred to another controller.<\/li>\n<\/ul>\n<ul>\n<li><strong>Right to revoke consent given in accordance with Art. 7 (3) DSGVO<br \/><\/strong>You can revoke your consent once you have given it to us at any time. This has the consequence that we may no longer continue the data processing based on this consent for the future.<strong><br \/><\/strong><\/li>\n<\/ul>\n<ul>\n<li><strong>Right of objection according to Art. 21 DSGVO<br \/><\/strong>If your personal data is processed on the basis of legitimate interests pursuant to Art. 6 (1) lit. f DSGVO, you have the right to object to the processing of your personal data pursuant to Art. 21 DSGVO, insofar as there are grounds for doing so that arise from your particular situation or the objection is directed against direct advertising. In the latter case, you have a general right of objection, which is implemented by us without specifying a particular situation. If you would like to make use of your right of revocation or objection, it is sufficient to send an e-mail to mail@duerselen-kg.de.<strong><br \/><\/strong><\/li>\n<\/ul>\n<ul>\n<li><strong>Right of appeal to a supervisory authority pursuant to Art. 77 DSGVO<br \/><\/strong>You can complain to a supervisory authority. As a rule, you can contact the supervisory authority of your usual place of residence or workplace or the place of the alleged infringement for this purpose.<\/li>\n<\/ul>\n<p><strong>Data security<br \/><br \/><\/strong><\/p>\n<p><strong>Data security<br \/><\/strong>We use appropriate technical and organisational security measures to protect your data against accidental or intentional manipulation, partial or complete loss, destruction or unauthorised access by third parties. For example, we use the widespread SSL (Secure Socket Layer) procedure in conjunction with the highest level of encryption supported by your browser when you visit our website. Our security measures are continuously improved in line with technological developments.<\/p>\n<p><strong>\u00a0<\/strong><\/p>\n<p>Status March 2019<\/p>\n<\/div>\n<\/div>\n<\/div>\n<\/div>\n<\/div>\n<\/div>\n<\/div>\n<\/div>\n<\/div>\n\t\t\t\t\t\t\t\t<\/div>\n\t\t\t\t<\/div>\n\t\t\t\t\t<\/div>\n\t\t<\/div>\n\t\t\t\t\t<\/div>\n\t\t<\/section>\n\t\t\t\t<\/div>","protected":false},"excerpt":{"rendered":"<p>The protection of your privacy is very important to D\u00fcrselen Immobilien GmbH &amp; Co KG. Below we inform you<\/p>","protected":false},"author":3,"featured_media":16490,"parent":0,"menu_order":0,"comment_status":"closed","ping_status":"closed","template":"elementor_header_footer","meta":{"inline_featured_image":false,"footnotes":""},"class_list":["post-16493","page","type-page","status-publish","has-post-thumbnail","hentry"],"yoast_head":"<!-- This site is optimized with the Yoast SEO plugin v27.2 - https:\/\/yoast.com\/product\/yoast-seo-wordpress\/ -->\n<title>Datenschutzerkl\u00e4rung - D\u00fcrselen GmbH<\/title>\n<meta name=\"robots\" content=\"noindex, follow, max-snippet:-1, max-image-preview:large, max-video-preview:-1\" \/>\n<meta property=\"og:locale\" content=\"en_GB\" \/>\n<meta property=\"og:type\" content=\"article\" \/>\n<meta property=\"og:title\" content=\"Datenschutzerkl\u00e4rung - D\u00fcrselen GmbH\" \/>\n<meta property=\"og:description\" content=\"Der Schutz Ihrer Privatsph\u00e4re ist f\u00fcr die Firma D\u00fcrselen Immobilien GmbH &amp; Co KG sehr wichtig. Nachstehend informieren wir Sie\" \/>\n<meta property=\"og:url\" content=\"https:\/\/duerselen-immobilien.de\/en\/datenschutzerklarung\/\" \/>\n<meta property=\"og:site_name\" content=\"D\u00fcrselen GmbH\" \/>\n<meta property=\"article:modified_time\" content=\"2023-04-04T10:25:34+00:00\" \/>\n<meta property=\"og:image\" content=\"https:\/\/duerselen-immobilien.de\/wp-content\/uploads\/2022\/08\/optional_2_banner.jpg\" \/>\n\t<meta property=\"og:image:width\" content=\"1600\" \/>\n\t<meta property=\"og:image:height\" content=\"330\" \/>\n\t<meta property=\"og:image:type\" content=\"image\/jpeg\" \/>\n<meta name=\"twitter:card\" content=\"summary_large_image\" \/>\n<meta name=\"twitter:label1\" content=\"Estimated reading time\" \/>\n\t<meta name=\"twitter:data1\" content=\"7 minutes\" \/>\n<script type=\"application\/ld+json\" class=\"yoast-schema-graph\">{\"@context\":\"https:\/\/schema.org\",\"@graph\":[{\"@type\":\"WebPage\",\"@id\":\"https:\/\/duerselen-immobilien.de\/datenschutzerklarung\/\",\"url\":\"https:\/\/duerselen-immobilien.de\/datenschutzerklarung\/\",\"name\":\"Datenschutzerkl\u00e4rung - D\u00fcrselen GmbH\",\"isPartOf\":{\"@id\":\"https:\/\/duerselen-immobilien.de\/#website\"},\"primaryImageOfPage\":{\"@id\":\"https:\/\/duerselen-immobilien.de\/datenschutzerklarung\/#primaryimage\"},\"image\":{\"@id\":\"https:\/\/duerselen-immobilien.de\/datenschutzerklarung\/#primaryimage\"},\"thumbnailUrl\":\"https:\/\/duerselen-immobilien.de\/wp-content\/uploads\/2022\/08\/optional_2_banner.jpg\",\"datePublished\":\"2022-08-05T11:51:54+00:00\",\"dateModified\":\"2023-04-04T10:25:34+00:00\",\"breadcrumb\":{\"@id\":\"https:\/\/duerselen-immobilien.de\/datenschutzerklarung\/#breadcrumb\"},\"inLanguage\":\"en-GB\",\"potentialAction\":[{\"@type\":\"ReadAction\",\"target\":[\"https:\/\/duerselen-immobilien.de\/datenschutzerklarung\/\"]}]},{\"@type\":\"ImageObject\",\"inLanguage\":\"en-GB\",\"@id\":\"https:\/\/duerselen-immobilien.de\/datenschutzerklarung\/#primaryimage\",\"url\":\"https:\/\/duerselen-immobilien.de\/wp-content\/uploads\/2022\/08\/optional_2_banner.jpg\",\"contentUrl\":\"https:\/\/duerselen-immobilien.de\/wp-content\/uploads\/2022\/08\/optional_2_banner.jpg\",\"width\":1600,\"height\":330},{\"@type\":\"BreadcrumbList\",\"@id\":\"https:\/\/duerselen-immobilien.de\/datenschutzerklarung\/#breadcrumb\",\"itemListElement\":[{\"@type\":\"ListItem\",\"position\":1,\"name\":\"Startseite\",\"item\":\"https:\/\/duerselen-immobilien.de\/\"},{\"@type\":\"ListItem\",\"position\":2,\"name\":\"Datenschutzerkl\u00e4rung\"}]},{\"@type\":\"WebSite\",\"@id\":\"https:\/\/duerselen-immobilien.de\/#website\",\"url\":\"https:\/\/duerselen-immobilien.de\/\",\"name\":\"D\u00fcrselen GmbH\",\"description\":\"Architekten und Ingenieure\",\"potentialAction\":[{\"@type\":\"SearchAction\",\"target\":{\"@type\":\"EntryPoint\",\"urlTemplate\":\"https:\/\/duerselen-immobilien.de\/?s={search_term_string}\"},\"query-input\":{\"@type\":\"PropertyValueSpecification\",\"valueRequired\":true,\"valueName\":\"search_term_string\"}}],\"inLanguage\":\"en-GB\"}]}<\/script>\n<!-- \/ Yoast SEO plugin. -->","yoast_head_json":{"title":"Datenschutzerkl\u00e4rung - D\u00fcrselen GmbH","robots":{"index":"noindex","follow":"follow","max-snippet":"max-snippet:-1","max-image-preview":"max-image-preview:large","max-video-preview":"max-video-preview:-1"},"og_locale":"en_GB","og_type":"article","og_title":"Datenschutzerkl\u00e4rung - D\u00fcrselen GmbH","og_description":"Der Schutz Ihrer Privatsph\u00e4re ist f\u00fcr die Firma D\u00fcrselen Immobilien GmbH &amp; Co KG sehr wichtig. Nachstehend informieren wir Sie","og_url":"https:\/\/duerselen-immobilien.de\/en\/datenschutzerklarung\/","og_site_name":"D\u00fcrselen GmbH","article_modified_time":"2023-04-04T10:25:34+00:00","og_image":[{"width":1600,"height":330,"url":"https:\/\/duerselen-immobilien.de\/wp-content\/uploads\/2022\/08\/optional_2_banner.jpg","type":"image\/jpeg"}],"twitter_card":"summary_large_image","twitter_misc":{"Estimated reading time":"7 minutes"},"schema":{"@context":"https:\/\/schema.org","@graph":[{"@type":"WebPage","@id":"https:\/\/duerselen-immobilien.de\/datenschutzerklarung\/","url":"https:\/\/duerselen-immobilien.de\/datenschutzerklarung\/","name":"Datenschutzerkl\u00e4rung - D\u00fcrselen GmbH","isPartOf":{"@id":"https:\/\/duerselen-immobilien.de\/#website"},"primaryImageOfPage":{"@id":"https:\/\/duerselen-immobilien.de\/datenschutzerklarung\/#primaryimage"},"image":{"@id":"https:\/\/duerselen-immobilien.de\/datenschutzerklarung\/#primaryimage"},"thumbnailUrl":"https:\/\/duerselen-immobilien.de\/wp-content\/uploads\/2022\/08\/optional_2_banner.jpg","datePublished":"2022-08-05T11:51:54+00:00","dateModified":"2023-04-04T10:25:34+00:00","breadcrumb":{"@id":"https:\/\/duerselen-immobilien.de\/datenschutzerklarung\/#breadcrumb"},"inLanguage":"en-GB","potentialAction":[{"@type":"ReadAction","target":["https:\/\/duerselen-immobilien.de\/datenschutzerklarung\/"]}]},{"@type":"ImageObject","inLanguage":"en-GB","@id":"https:\/\/duerselen-immobilien.de\/datenschutzerklarung\/#primaryimage","url":"https:\/\/duerselen-immobilien.de\/wp-content\/uploads\/2022\/08\/optional_2_banner.jpg","contentUrl":"https:\/\/duerselen-immobilien.de\/wp-content\/uploads\/2022\/08\/optional_2_banner.jpg","width":1600,"height":330},{"@type":"BreadcrumbList","@id":"https:\/\/duerselen-immobilien.de\/datenschutzerklarung\/#breadcrumb","itemListElement":[{"@type":"ListItem","position":1,"name":"Startseite","item":"https:\/\/duerselen-immobilien.de\/"},{"@type":"ListItem","position":2,"name":"Datenschutzerkl\u00e4rung"}]},{"@type":"WebSite","@id":"https:\/\/duerselen-immobilien.de\/#website","url":"https:\/\/duerselen-immobilien.de\/","name":"D\u00fcrselen GmbH","description":"Architects and engineers","potentialAction":[{"@type":"SearchAction","target":{"@type":"EntryPoint","urlTemplate":"https:\/\/duerselen-immobilien.de\/?s={search_term_string}"},"query-input":{"@type":"PropertyValueSpecification","valueRequired":true,"valueName":"search_term_string"}}],"inLanguage":"en-GB"}]}},"_links":{"self":[{"href":"https:\/\/duerselen-immobilien.de\/en\/wp-json\/wp\/v2\/pages\/16493","targetHints":{"allow":["GET"]}}],"collection":[{"href":"https:\/\/duerselen-immobilien.de\/en\/wp-json\/wp\/v2\/pages"}],"about":[{"href":"https:\/\/duerselen-immobilien.de\/en\/wp-json\/wp\/v2\/types\/page"}],"author":[{"embeddable":true,"href":"https:\/\/duerselen-immobilien.de\/en\/wp-json\/wp\/v2\/users\/3"}],"replies":[{"embeddable":true,"href":"https:\/\/duerselen-immobilien.de\/en\/wp-json\/wp\/v2\/comments?post=16493"}],"version-history":[{"count":23,"href":"https:\/\/duerselen-immobilien.de\/en\/wp-json\/wp\/v2\/pages\/16493\/revisions"}],"predecessor-version":[{"id":18254,"href":"https:\/\/duerselen-immobilien.de\/en\/wp-json\/wp\/v2\/pages\/16493\/revisions\/18254"}],"wp:featuredmedia":[{"embeddable":true,"href":"https:\/\/duerselen-immobilien.de\/en\/wp-json\/wp\/v2\/media\/16490"}],"wp:attachment":[{"href":"https:\/\/duerselen-immobilien.de\/en\/wp-json\/wp\/v2\/media?parent=16493"}],"curies":[{"name":"wp","href":"https:\/\/api.w.org\/{rel}","templated":true}]}}