{"id":12069,"date":"2022-06-22T09:20:50","date_gmt":"2022-06-22T09:20:50","guid":{"rendered":"https:\/\/duerselen-de-wordpress.rz.mup-digital.com\/?page_id=12069"},"modified":"2026-04-10T05:30:16","modified_gmt":"2026-04-10T05:30:16","slug":"kontakt-duerselen-immobilien-immobilienexperten-koeln","status":"publish","type":"page","link":"https:\/\/duerselen-immobilien.de\/en\/kontakt-duerselen-immobilien-immobilienexperten-koeln\/","title":{"rendered":"Contact"},"content":{"rendered":"<div data-elementor-type=\"wp-page\" data-elementor-id=\"12069\" class=\"elementor elementor-12069\" data-elementor-post-type=\"page\">\n\t\t\t\t\t\t<section class=\"elementor-section elementor-top-section elementor-element elementor-element-68fc50b elementor-section-full_width elementor-section-height-default elementor-section-height-default\" data-id=\"68fc50b\" data-element_type=\"section\">\n\t\t\t\t\t\t<div class=\"elementor-container elementor-column-gap-wider\">\n\t\t\t\t\t<div class=\"elementor-column elementor-col-66 elementor-top-column elementor-element elementor-element-d034a6c\" data-id=\"d034a6c\" data-element_type=\"column\">\n\t\t\t<div class=\"elementor-widget-wrap elementor-element-populated\">\n\t\t\t\t\t\t<div class=\"elementor-element elementor-element-38cfd38 elementor-button-align-stretch elementor-widget elementor-widget-form\" data-id=\"38cfd38\" data-element_type=\"widget\" data-settings=\"{&quot;step_next_label&quot;:&quot;Next&quot;,&quot;step_previous_label&quot;:&quot;Previous&quot;,&quot;button_width&quot;:&quot;100&quot;,&quot;step_type&quot;:&quot;number_text&quot;,&quot;step_icon_shape&quot;:&quot;circle&quot;}\" data-widget_type=\"form.default\">\n\t\t\t\t<div class=\"elementor-widget-container\">\n\t\t\t\t\t\t\t<form class=\"elementor-form\" method=\"post\" name=\"New Form\" aria-label=\"New Form\" action=\"\">\n\t\t\t<input type=\"hidden\" name=\"post_id\" value=\"12069\"\/>\n\t\t\t<input type=\"hidden\" name=\"form_id\" value=\"38cfd38\"\/>\n\t\t\t<input type=\"hidden\" name=\"referer_title\" value=\"Kontakt - D\u00fcrselen GmbH\" \/>\n\n\t\t\t\t\t\t\t<input type=\"hidden\" name=\"queried_id\" value=\"12069\"\/>\n\t\t\t\n\t\t\t<div class=\"elementor-form-fields-wrapper elementor-labels-above\">\n\t\t\t\t\t\t\t\t<div class=\"elementor-field-type-text elementor-field-group elementor-column elementor-field-group-name elementor-col-50\">\n\t\t\t\t\t\t\t\t\t\t\t\t\t<input size=\"1\" type=\"text\" name=\"form_fields[name]\" id=\"form-field-name\" class=\"elementor-field elementor-size-sm  elementor-field-textual\" placeholder=\"Name\">\n\t\t\t\t\t\t\t\t\t\t\t<\/div>\n\t\t\t\t\t\t\t\t<div class=\"elementor-field-type-email elementor-field-group elementor-column elementor-field-group-email elementor-col-50 elementor-field-required\">\n\t\t\t\t\t\t\t\t\t\t\t\t\t<input size=\"1\" type=\"email\" name=\"form_fields[email]\" id=\"form-field-email\" class=\"elementor-field elementor-size-sm  elementor-field-textual\" placeholder=\"Email\" required=\"required\">\n\t\t\t\t\t\t\t\t\t\t\t<\/div>\n\t\t\t\t\t\t\t\t<div class=\"elementor-field-type-text elementor-field-group elementor-column elementor-field-group-field_54de8f5 elementor-col-100 elementor-field-required\">\n\t\t\t\t\t\t\t\t\t\t\t\t\t<input size=\"1\" type=\"text\" name=\"form_fields[field_54de8f5]\" id=\"form-field-field_54de8f5\" class=\"elementor-field elementor-size-sm  elementor-field-textual\" placeholder=\"Subject\" required=\"required\">\n\t\t\t\t\t\t\t\t\t\t\t<\/div>\n\t\t\t\t\t\t\t\t<div class=\"elementor-field-type-textarea elementor-field-group elementor-column elementor-field-group-message elementor-col-100\">\n\t\t\t\t\t<textarea class=\"elementor-field-textual elementor-field  elementor-size-sm\" name=\"form_fields[message]\" id=\"form-field-message\" rows=\"4\" placeholder=\"Message\"><\/textarea>\t\t\t\t<\/div>\n\t\t\t\t\t\t\t\t<div class=\"elementor-field-group elementor-column elementor-field-type-submit elementor-col-100 e-form__buttons\">\n\t\t\t\t\t<button class=\"elementor-button elementor-size-sm\" type=\"submit\">\n\t\t\t\t\t\t<span class=\"elementor-button-content-wrapper\">\n\t\t\t\t\t\t\t\t\t\t\t\t\t\t\t\t\t\t\t\t\t\t<span class=\"elementor-button-text\">Send<\/span>\n\t\t\t\t\t\t\t\t\t\t\t\t\t<\/span>\n\t\t\t\t\t<\/button>\n\t\t\t\t<\/div>\n\t\t\t<\/div>\n\t\t<input type=\"hidden\" name=\"trp-form-language\" value=\"en\"\/><\/form>\n\t\t\t\t\t\t<\/div>\n\t\t\t\t<\/div>\n\t\t\t\t\t<\/div>\n\t\t<\/div>\n\t\t\t\t<div class=\"elementor-column elementor-col-33 elementor-top-column elementor-element elementor-element-dd3b8ac\" data-id=\"dd3b8ac\" data-element_type=\"column\">\n\t\t\t<div class=\"elementor-widget-wrap elementor-element-populated\">\n\t\t\t\t\t\t<div class=\"elementor-element elementor-element-efd5e1d color-scheme-inherit text-left elementor-widget elementor-widget-text-editor\" data-id=\"efd5e1d\" data-element_type=\"widget\" data-widget_type=\"text-editor.default\">\n\t\t\t\t<div class=\"elementor-widget-container\">\n\t\t\t\t\t\t\t\t\t<p><strong>D\u00fcrselen Real Estate GmbH<\/strong><\/p><p>Aachener Stra\u00dfe 1006<br \/>50858 Cologne<br \/>Germany<br \/><b>Tel.<\/b>\u00a0: +49 (0) 221 500 686 0<br \/><b>Fax\u00a0<\/b>: +49 (0) 221 500 686 55<br \/><b>E-mail<\/b>: mail@duerselen-kg.de<\/p>\t\t\t\t\t\t\t\t<\/div>\n\t\t\t\t<\/div>\n\t\t\t\t\t<\/div>\n\t\t<\/div>\n\t\t\t\t\t<\/div>\n\t\t<\/section>\n\t\t\t\t<\/div>","protected":false},"excerpt":{"rendered":"<p>D\u00fcrselen Immobilien GmbH Aachener Stra\u00dfe 100650858 CologneGermanyTel. : +49 (0) 221 500 686 0Fax : +49 (0) 221 500 686 55E-Mail: mail@duerselen-kg.de<\/p>","protected":false},"author":3,"featured_media":0,"parent":0,"menu_order":0,"comment_status":"closed","ping_status":"closed","template":"elementor_header_footer","meta":{"inline_featured_image":false,"footnotes":""},"class_list":["post-12069","page","type-page","status-publish","hentry"],"yoast_head":"<!-- This site is optimized with the Yoast SEO plugin v27.2 - https:\/\/yoast.com\/product\/yoast-seo-wordpress\/ -->\n<title>Kontakt - D\u00fcrselen GmbH<\/title>\n<meta name=\"description\" content=\"Kontaktieren Sie D\u00fcrselen Immobilien in K\u00f6ln f\u00fcr professionelle Immobilienverwaltung und Immobiliendienstleistungen. Nutzen Sie Formular, Telefon oder E-Mail.\" \/>\n<meta name=\"robots\" content=\"noindex, follow, max-snippet:-1, max-image-preview:large, max-video-preview:-1\" \/>\n<meta property=\"og:locale\" content=\"en_GB\" \/>\n<meta property=\"og:type\" content=\"article\" \/>\n<meta property=\"og:title\" content=\"Kontakt - D\u00fcrselen GmbH\" \/>\n<meta property=\"og:description\" content=\"Kontaktieren Sie D\u00fcrselen Immobilien in K\u00f6ln f\u00fcr professionelle Immobilienverwaltung und Immobiliendienstleistungen. Nutzen Sie Formular, Telefon oder E-Mail.\" \/>\n<meta property=\"og:url\" content=\"https:\/\/duerselen-immobilien.de\/en\/kontakt-duerselen-immobilien-immobilienexperten-koeln\/\" \/>\n<meta property=\"og:site_name\" content=\"D\u00fcrselen GmbH\" \/>\n<meta property=\"article:modified_time\" content=\"2026-04-10T05:30:16+00:00\" \/>\n<meta name=\"twitter:card\" content=\"summary_large_image\" \/>\n<meta name=\"twitter:label1\" content=\"Estimated reading time\" \/>\n\t<meta name=\"twitter:data1\" content=\"1 minute\" \/>\n<script type=\"application\/ld+json\" class=\"yoast-schema-graph\">{\"@context\":\"https:\/\/schema.org\",\"@graph\":[{\"@type\":\"WebPage\",\"@id\":\"https:\/\/duerselen-immobilien.de\/kontakt-duerselen-immobilien-immobilienexperten-koeln\/\",\"url\":\"https:\/\/duerselen-immobilien.de\/kontakt-duerselen-immobilien-immobilienexperten-koeln\/\",\"name\":\"Kontakt - D\u00fcrselen GmbH\",\"isPartOf\":{\"@id\":\"https:\/\/duerselen-immobilien.de\/#website\"},\"datePublished\":\"2022-06-22T09:20:50+00:00\",\"dateModified\":\"2026-04-10T05:30:16+00:00\",\"description\":\"Kontaktieren Sie D\u00fcrselen Immobilien in K\u00f6ln f\u00fcr professionelle Immobilienverwaltung und Immobiliendienstleistungen. Nutzen Sie Formular, Telefon oder E-Mail.\",\"breadcrumb\":{\"@id\":\"https:\/\/duerselen-immobilien.de\/kontakt-duerselen-immobilien-immobilienexperten-koeln\/#breadcrumb\"},\"inLanguage\":\"en-GB\",\"potentialAction\":[{\"@type\":\"ReadAction\",\"target\":[\"https:\/\/duerselen-immobilien.de\/kontakt-duerselen-immobilien-immobilienexperten-koeln\/\"]}]},{\"@type\":\"BreadcrumbList\",\"@id\":\"https:\/\/duerselen-immobilien.de\/kontakt-duerselen-immobilien-immobilienexperten-koeln\/#breadcrumb\",\"itemListElement\":[{\"@type\":\"ListItem\",\"position\":1,\"name\":\"Startseite\",\"item\":\"https:\/\/duerselen-immobilien.de\/\"},{\"@type\":\"ListItem\",\"position\":2,\"name\":\"Kontakt\"}]},{\"@type\":\"WebSite\",\"@id\":\"https:\/\/duerselen-immobilien.de\/#website\",\"url\":\"https:\/\/duerselen-immobilien.de\/\",\"name\":\"D\u00fcrselen GmbH\",\"description\":\"Architekten und Ingenieure\",\"potentialAction\":[{\"@type\":\"SearchAction\",\"target\":{\"@type\":\"EntryPoint\",\"urlTemplate\":\"https:\/\/duerselen-immobilien.de\/?s={search_term_string}\"},\"query-input\":{\"@type\":\"PropertyValueSpecification\",\"valueRequired\":true,\"valueName\":\"search_term_string\"}}],\"inLanguage\":\"en-GB\"}]}<\/script>\n<!-- \/ Yoast SEO plugin. -->","yoast_head_json":{"title":"Kontakt - D\u00fcrselen GmbH","description":"Kontaktieren Sie D\u00fcrselen Immobilien in K\u00f6ln f\u00fcr professionelle Immobilienverwaltung und Immobiliendienstleistungen. Nutzen Sie Formular, Telefon oder E-Mail.","robots":{"index":"noindex","follow":"follow","max-snippet":"max-snippet:-1","max-image-preview":"max-image-preview:large","max-video-preview":"max-video-preview:-1"},"og_locale":"en_GB","og_type":"article","og_title":"Kontakt - D\u00fcrselen GmbH","og_description":"Kontaktieren Sie D\u00fcrselen Immobilien in K\u00f6ln f\u00fcr professionelle Immobilienverwaltung und Immobiliendienstleistungen. Nutzen Sie Formular, Telefon oder E-Mail.","og_url":"https:\/\/duerselen-immobilien.de\/en\/kontakt-duerselen-immobilien-immobilienexperten-koeln\/","og_site_name":"D\u00fcrselen GmbH","article_modified_time":"2026-04-10T05:30:16+00:00","twitter_card":"summary_large_image","twitter_misc":{"Estimated reading time":"1 minute"},"schema":{"@context":"https:\/\/schema.org","@graph":[{"@type":"WebPage","@id":"https:\/\/duerselen-immobilien.de\/kontakt-duerselen-immobilien-immobilienexperten-koeln\/","url":"https:\/\/duerselen-immobilien.de\/kontakt-duerselen-immobilien-immobilienexperten-koeln\/","name":"Kontakt - D\u00fcrselen GmbH","isPartOf":{"@id":"https:\/\/duerselen-immobilien.de\/#website"},"datePublished":"2022-06-22T09:20:50+00:00","dateModified":"2026-04-10T05:30:16+00:00","description":"Kontaktieren Sie D\u00fcrselen Immobilien in K\u00f6ln f\u00fcr professionelle Immobilienverwaltung und Immobiliendienstleistungen. Nutzen Sie Formular, Telefon oder E-Mail.","breadcrumb":{"@id":"https:\/\/duerselen-immobilien.de\/kontakt-duerselen-immobilien-immobilienexperten-koeln\/#breadcrumb"},"inLanguage":"en-GB","potentialAction":[{"@type":"ReadAction","target":["https:\/\/duerselen-immobilien.de\/kontakt-duerselen-immobilien-immobilienexperten-koeln\/"]}]},{"@type":"BreadcrumbList","@id":"https:\/\/duerselen-immobilien.de\/kontakt-duerselen-immobilien-immobilienexperten-koeln\/#breadcrumb","itemListElement":[{"@type":"ListItem","position":1,"name":"Startseite","item":"https:\/\/duerselen-immobilien.de\/"},{"@type":"ListItem","position":2,"name":"Kontakt"}]},{"@type":"WebSite","@id":"https:\/\/duerselen-immobilien.de\/#website","url":"https:\/\/duerselen-immobilien.de\/","name":"D\u00fcrselen GmbH","description":"Architects and engineers","potentialAction":[{"@type":"SearchAction","target":{"@type":"EntryPoint","urlTemplate":"https:\/\/duerselen-immobilien.de\/?s={search_term_string}"},"query-input":{"@type":"PropertyValueSpecification","valueRequired":true,"valueName":"search_term_string"}}],"inLanguage":"en-GB"}]}},"_links":{"self":[{"href":"https:\/\/duerselen-immobilien.de\/en\/wp-json\/wp\/v2\/pages\/12069","targetHints":{"allow":["GET"]}}],"collection":[{"href":"https:\/\/duerselen-immobilien.de\/en\/wp-json\/wp\/v2\/pages"}],"about":[{"href":"https:\/\/duerselen-immobilien.de\/en\/wp-json\/wp\/v2\/types\/page"}],"author":[{"embeddable":true,"href":"https:\/\/duerselen-immobilien.de\/en\/wp-json\/wp\/v2\/users\/3"}],"replies":[{"embeddable":true,"href":"https:\/\/duerselen-immobilien.de\/en\/wp-json\/wp\/v2\/comments?post=12069"}],"version-history":[{"count":18,"href":"https:\/\/duerselen-immobilien.de\/en\/wp-json\/wp\/v2\/pages\/12069\/revisions"}],"predecessor-version":[{"id":19128,"href":"https:\/\/duerselen-immobilien.de\/en\/wp-json\/wp\/v2\/pages\/12069\/revisions\/19128"}],"wp:attachment":[{"href":"https:\/\/duerselen-immobilien.de\/en\/wp-json\/wp\/v2\/media?parent=12069"}],"curies":[{"name":"wp","href":"https:\/\/api.w.org\/{rel}","templated":true}]}}